{"id":73,"date":"2014-12-04T07:51:45","date_gmt":"2014-12-04T05:51:45","guid":{"rendered":"http:\/\/www.tordas.de\/?page_id=73"},"modified":"2024-04-22T13:11:45","modified_gmt":"2024-04-22T11:11:45","slug":"events-2","status":"publish","type":"page","link":"https:\/\/www.tordas.de\/?page_id=73","title":{"rendered":"Events"},"content":{"rendered":"<div id=\"pl-73\"  class=\"panel-layout\" ><div id=\"pg-73-0\"  class=\"panel-grid panel-no-style\" ><div id=\"pgc-73-0-0\"  class=\"panel-grid-cell\" >\n\t\t<div id=\"panel-73-0-0-0\" class=\"so-panel widget widget_recent-posts widget_recent_entries panel-first-child panel-last-child\" data-index=\"0\" >\n\t\t<h3 class=\"widget-title\">News<\/h3>\n\t\t<ul>\n\t\t\t\t\t\t\t\t\t\t\t<li>\n\t\t\t\t\t<a href=\"https:\/\/www.tordas.de\/?p=2251\">Jahresendgr\u00fc\u00dfe \ud83d\ude42<\/a>\n\t\t\t\t\t\t\t\t\t\t\t<span class=\"post-date\">26. Dezember 2025<\/span>\n\t\t\t\t\t\t\t\t\t<\/li>\n\t\t\t\t\t<\/ul>\n\n\t\t<\/div><\/div><\/div><div id=\"pg-73-1\"  class=\"panel-grid panel-no-style\" ><div id=\"pgc-73-1-0\"  class=\"panel-grid-cell\" ><div id=\"panel-73-1-0-0\" class=\"so-panel widget widget_sow-editor panel-first-child\" data-index=\"1\" ><div\n\t\t\t\n\t\t\tclass=\"so-widget-sow-editor so-widget-sow-editor-base\"\n\t\t\t\n\t\t><h3 class=\"widget-title\">vergangene Reisen<\/h3>\n<div class=\"siteorigin-widget-tinymce textwidget\">\n\t<h5><\/h5>\n<h5><span style=\"color: #3366ff;\"><a style=\"color: #3366ff;\" href=\"https:\/\/www.tordas.de\/wp-content\/uploads\/2023\/03\/Toernplanupdate2023.pdf\"><span style=\"color: #00ccff;\">T\u00f6rn Gr\u00f6nland 2023<\/span><\/a><\/span><\/h5>\n<h5 style=\"text-align: left;\"><span style=\"color: #3366ff;\"><span style=\"color: #00ccff;\"><a style=\"color: #00ccff;\" href=\"https:\/\/www.tordas.de\/wp-content\/uploads\/2022\/05\/Toernplan2022-1-Bretagne.pdf\">T\u00f6rns 2022<\/a><\/span> <\/span>in der Bretagne<\/h5>\n<h5 style=\"text-align: left;\"><span style=\"color: #00ccff;\"><a style=\"color: #00ccff;\" href=\"https:\/\/www.tordas.de\/wp-content\/uploads\/2022\/04\/Toernplan2022-2-Galizien.pdf\">T\u00f6rns 2022<\/a>\u00a0<\/span>Bretagne - Galizien<\/h5>\n<p style=\"text-align: left;\">Vom 12.-14. August 2022 \u00a0<strong>F\u00eates des Vieux Gr\u00e9ements <\/strong>in Paimpol.<\/p>\n<p style=\"text-align: center;\">\n<\/div>\n<\/div><\/div><div id=\"panel-73-1-0-1\" class=\"so-panel widget widget_simpleimage panel-last-child\" data-index=\"2\" >\n\n\t<p class=\"simple-image\">\n\t\t<a href=\"https:\/\/www.tordas.de\/wp-content\/uploads\/2022\/06\/Bildschirmfoto-2022-06-30-um-17.24.03.png\"><img loading=\"lazy\" decoding=\"async\" width=\"300\" height=\"200\" src=\"https:\/\/www.tordas.de\/wp-content\/uploads\/2023\/12\/Toern2023-Gischtsegeln-300x200.jpeg\" class=\"attachment-medium size-medium\" alt=\"\" srcset=\"https:\/\/www.tordas.de\/wp-content\/uploads\/2023\/12\/Toern2023-Gischtsegeln-300x200.jpeg 300w, https:\/\/www.tordas.de\/wp-content\/uploads\/2023\/12\/Toern2023-Gischtsegeln-1024x683.jpeg 1024w, https:\/\/www.tordas.de\/wp-content\/uploads\/2023\/12\/Toern2023-Gischtsegeln-768x512.jpeg 768w, https:\/\/www.tordas.de\/wp-content\/uploads\/2023\/12\/Toern2023-Gischtsegeln-272x182.jpeg 272w, https:\/\/www.tordas.de\/wp-content\/uploads\/2023\/12\/Toern2023-Gischtsegeln.jpeg 1200w\" sizes=\"auto, (max-width: 300px) 100vw, 300px\" \/><\/a>\t<\/p>\n\n\n<\/div><\/div><\/div><div id=\"pg-73-2\"  class=\"panel-grid panel-no-style\" ><div id=\"pgc-73-2-0\"  class=\"panel-grid-cell\" ><div id=\"panel-73-2-0-0\" class=\"so-panel widget widget_black-studio-tinymce widget_black_studio_tinymce panel-first-child panel-last-child\" data-index=\"3\" ><div class=\"textwidget\"><hr \/>\n<h2 style=\"text-align: center;\">Unsere Lieblingsbesch\u00e4ftigungen<\/h2>\n<p>&nbsp;<\/p>\n<\/div><\/div><\/div><\/div><div id=\"pg-73-3\"  class=\"panel-grid panel-no-style\" ><div id=\"pgc-73-3-0\"  class=\"panel-grid-cell\" ><div id=\"panel-73-3-0-0\" class=\"so-panel widget widget_black-studio-tinymce widget_black_studio_tinymce panel-first-child panel-last-child\" data-index=\"4\" ><h3 class=\"widget-title\">Wetterkunde, ob Sturm oder Flaute<\/h3><div class=\"textwidget\"><p><div id=\"attachment_543\" style=\"width: 310px\" class=\"wp-caption alignnone\"><a href=\"http:\/\/www.tordas.de\/wp-content\/uploads\/2017\/03\/P1050421.jpg\"><img loading=\"lazy\" decoding=\"async\" aria-describedby=\"caption-attachment-543\" class=\"size-medium wp-image-543\" src=\"http:\/\/www.tordas.de\/wp-content\/uploads\/2017\/03\/P1050421-300x225.jpg\" alt=\"\" width=\"300\" height=\"225\" srcset=\"https:\/\/www.tordas.de\/wp-content\/uploads\/2017\/03\/P1050421-300x225.jpg 300w, https:\/\/www.tordas.de\/wp-content\/uploads\/2017\/03\/P1050421-768x576.jpg 768w, https:\/\/www.tordas.de\/wp-content\/uploads\/2017\/03\/P1050421.jpg 900w\" sizes=\"auto, (max-width: 300px) 100vw, 300px\" \/><\/a><p id=\"caption-attachment-543\" class=\"wp-caption-text\">10Bf bei Esher Ness, Shetland<\/p><\/div><\/p>\n<p>Des Seemanns liebstes Kind. Vom Nordpol bis zum Mittelmeer. Wir sind mit allen Wettern gewaschen!<br \/>\nBei uns gibt es Seewetter, life! Wie und wo erhalte ich meine lokalen Wetterinformationen? Was kommt auf mich zu? Was steht nicht in der Vorhersage? \u00a0Pilotcharts und Witterungsnavigation. Wo herrscht wann welches Wetter? Wie nutze ich dies richtig?<br \/>\n<b>Auf unseren Reisen\u00a0<\/b>besch\u00e4ftigen wir uns ohnehin st\u00e4ndig mit Wetter und geben unser Wissen gerne weiter. Gerne lernen wir auch von euren Kenntnissen und Erfahrungen.<\/p>\n<\/div><\/div><\/div><div id=\"pgc-73-3-1\"  class=\"panel-grid-cell\" ><div id=\"panel-73-3-1-0\" class=\"so-panel widget widget_black-studio-tinymce widget_black_studio_tinymce panel-first-child panel-last-child\" data-index=\"5\" ><h3 class=\"widget-title\">Schwerwetter<\/h3><div class=\"textwidget\"><p><div id=\"attachment_541\" style=\"width: 310px\" class=\"wp-caption alignnone\"><a href=\"http:\/\/www.tordas.de\/wp-content\/uploads\/2017\/03\/P1040155.jpg\"><img loading=\"lazy\" decoding=\"async\" aria-describedby=\"caption-attachment-541\" class=\"size-medium wp-image-541\" src=\"http:\/\/www.tordas.de\/wp-content\/uploads\/2017\/03\/P1040155-300x225.jpg\" alt=\"\" width=\"300\" height=\"225\" srcset=\"https:\/\/www.tordas.de\/wp-content\/uploads\/2017\/03\/P1040155-300x225.jpg 300w, https:\/\/www.tordas.de\/wp-content\/uploads\/2017\/03\/P1040155-768x576.jpg 768w, https:\/\/www.tordas.de\/wp-content\/uploads\/2017\/03\/P1040155.jpg 900w\" sizes=\"auto, (max-width: 300px) 100vw, 300px\" \/><\/a><p id=\"caption-attachment-541\" class=\"wp-caption-text\">Wind<\/p><\/div><\/p>\n<p>Wir sind oft dort unterwegs wo das Wetter wirklich...unbest\u00e4ndig ist.<br \/>\nWie man T\u00f6rns richtig plant und navigiert, was es dort zu beachten gibt, wie man sich auf schweres Wetter vorbereitet und damit umgeht\u00a0, wie man es sich auf See und im Hafen so sicher und sch\u00f6n wie m\u00f6glich macht , das vermitteln wir auch gerne anderen MitseglerInnen in Praxis und Theorie.<\/p>\n<\/div><\/div><\/div><div id=\"pgc-73-3-2\"  class=\"panel-grid-cell\" ><div id=\"panel-73-3-2-0\" class=\"so-panel widget widget_black-studio-tinymce widget_black_studio_tinymce panel-first-child panel-last-child\" data-index=\"6\" ><h3 class=\"widget-title\">Gezeiten- und Stromnavigation<\/h3><div class=\"textwidget\"><p><div id=\"attachment_364\" style=\"width: 310px\" class=\"wp-caption alignnone\"><a href=\"http:\/\/www.tordas.de\/wp-content\/uploads\/2017\/03\/P6161298.jpg\"><img loading=\"lazy\" decoding=\"async\" aria-describedby=\"caption-attachment-364\" class=\"size-medium wp-image-364\" src=\"http:\/\/www.tordas.de\/wp-content\/uploads\/2017\/03\/P6161298-300x225.jpg\" alt=\"\" width=\"300\" height=\"225\" srcset=\"https:\/\/www.tordas.de\/wp-content\/uploads\/2017\/03\/P6161298-300x225.jpg 300w, https:\/\/www.tordas.de\/wp-content\/uploads\/2017\/03\/P6161298-768x576.jpg 768w, https:\/\/www.tordas.de\/wp-content\/uploads\/2017\/03\/P6161298.jpg 900w\" sizes=\"auto, (max-width: 300px) 100vw, 300px\" \/><\/a><p id=\"caption-attachment-364\" class=\"wp-caption-text\">Trockenfallen<\/p><\/div><\/p>\n<p>Wir fahren in Gezeitenrevieren der Nordsee und dem Nordatlantik, der Bretagne z.B. \u00a0W\u00e4hrend unserer T\u00f6rns ist die Gezeitenrechnung t\u00e4gliches Handwerk. An unseren Ankerpl\u00e4tzen m\u00fcssen wir wissen, wie viel Wasser wir unterm Kiel haben. An der K\u00fcste und in Revieren mit starken Str\u00f6mungsgeschwindigkeiten ist es essentiell zu wissen wann die Str\u00f6mungsrichtung und -geschwindigkeit optimal ist.<\/p>\n<\/div><\/div><\/div><\/div><div id=\"pg-73-4\"  class=\"panel-grid panel-no-style\" ><div id=\"pgc-73-4-0\"  class=\"panel-grid-cell\" ><div id=\"panel-73-4-0-0\" class=\"so-panel widget widget_black-studio-tinymce widget_black_studio_tinymce panel-first-child panel-last-child\" data-index=\"7\" ><h3 class=\"widget-title\">Biologie und Umwelt<\/h3><div class=\"textwidget\"><p><div id=\"attachment_515\" style=\"width: 310px\" class=\"wp-caption alignnone\"><a href=\"http:\/\/www.tordas.de\/wp-content\/uploads\/2017\/03\/DSCF0049.jpg\"><img loading=\"lazy\" decoding=\"async\" aria-describedby=\"caption-attachment-515\" class=\"size-medium wp-image-515\" src=\"http:\/\/www.tordas.de\/wp-content\/uploads\/2017\/03\/DSCF0049-300x225.jpg\" alt=\"\" width=\"300\" height=\"225\" srcset=\"https:\/\/www.tordas.de\/wp-content\/uploads\/2017\/03\/DSCF0049-300x225.jpg 300w, https:\/\/www.tordas.de\/wp-content\/uploads\/2017\/03\/DSCF0049-768x576.jpg 768w, https:\/\/www.tordas.de\/wp-content\/uploads\/2017\/03\/DSCF0049.jpg 900w\" sizes=\"auto, (max-width: 300px) 100vw, 300px\" \/><\/a><p id=\"caption-attachment-515\" class=\"wp-caption-text\">Exkursion<\/p><\/div><\/p>\n<p><div id=\"attachment_524\" style=\"width: 310px\" class=\"wp-caption alignnone\"><a href=\"http:\/\/www.tordas.de\/wp-content\/uploads\/2017\/03\/Fraterculaarctica_EKoerner.jpg\"><img loading=\"lazy\" decoding=\"async\" aria-describedby=\"caption-attachment-524\" class=\"size-medium wp-image-524\" src=\"http:\/\/www.tordas.de\/wp-content\/uploads\/2017\/03\/Fraterculaarctica_EKoerner-300x200.jpg\" alt=\"\" width=\"300\" height=\"200\" srcset=\"https:\/\/www.tordas.de\/wp-content\/uploads\/2017\/03\/Fraterculaarctica_EKoerner-300x200.jpg 300w, https:\/\/www.tordas.de\/wp-content\/uploads\/2017\/03\/Fraterculaarctica_EKoerner-768x511.jpg 768w, https:\/\/www.tordas.de\/wp-content\/uploads\/2017\/03\/Fraterculaarctica_EKoerner-1024x681.jpg 1024w, https:\/\/www.tordas.de\/wp-content\/uploads\/2017\/03\/Fraterculaarctica_EKoerner-272x182.jpg 272w, https:\/\/www.tordas.de\/wp-content\/uploads\/2017\/03\/Fraterculaarctica_EKoerner.jpg 1800w\" sizes=\"auto, (max-width: 300px) 100vw, 300px\" \/><\/a><p id=\"caption-attachment-524\" class=\"wp-caption-text\">Papageitaucher<\/p><\/div><\/p>\n<p><div id=\"attachment_1804\" style=\"width: 310px\" class=\"wp-caption alignleft\"><img loading=\"lazy\" decoding=\"async\" aria-describedby=\"caption-attachment-1804\" class=\"wp-image-1804 size-medium\" src=\"https:\/\/www.tordas.de\/wp-content\/uploads\/2020\/12\/DSCF5545-20200303-EK-300x200.jpg\" alt=\"\" width=\"300\" height=\"200\" srcset=\"https:\/\/www.tordas.de\/wp-content\/uploads\/2020\/12\/DSCF5545-20200303-EK-300x200.jpg 300w, https:\/\/www.tordas.de\/wp-content\/uploads\/2020\/12\/DSCF5545-20200303-EK-768x512.jpg 768w, https:\/\/www.tordas.de\/wp-content\/uploads\/2020\/12\/DSCF5545-20200303-EK-1024x682.jpg 1024w, https:\/\/www.tordas.de\/wp-content\/uploads\/2020\/12\/DSCF5545-20200303-EK-272x182.jpg 272w, https:\/\/www.tordas.de\/wp-content\/uploads\/2020\/12\/DSCF5545-20200303-EK.jpg 1280w\" sizes=\"auto, (max-width: 300px) 100vw, 300px\" \/><p id=\"caption-attachment-1804\" class=\"wp-caption-text\">Gro\u00dfer T\u00fcmmler<\/p><\/div><\/p>\n<p>W\u00e4hrend der Deckswache auf dem Meer und bei den Landg\u00e4ngen an Strand und Hinterland sind Fotoapparat und Bestimmungsbuch dabei. Wir beobachten Seev\u00f6gel und Meeress\u00e4uger, erkunden Strand- und K\u00fcstenlebensr\u00e4ume, sprechen aber auch \u00fcber Probleme. Oft sammeln wir Meeresm\u00fcll ein. Nur eine von vielen Gelegenheiten eigenes Handeln zu reflektieren.<\/p>\n<p>&nbsp;<\/p>\n<\/div><\/div><\/div><div id=\"pgc-73-4-1\"  class=\"panel-grid-cell\" ><div id=\"panel-73-4-1-0\" class=\"so-panel widget widget_black-studio-tinymce widget_black_studio_tinymce panel-first-child panel-last-child\" data-index=\"8\" ><h3 class=\"widget-title\">Astronavigation<\/h3><div class=\"textwidget\"><p><div id=\"attachment_518\" style=\"width: 310px\" class=\"wp-caption alignnone\"><a href=\"http:\/\/www.tordas.de\/wp-content\/uploads\/2017\/03\/1190.jpg\"><img loading=\"lazy\" decoding=\"async\" aria-describedby=\"caption-attachment-518\" class=\"size-medium wp-image-518\" src=\"http:\/\/www.tordas.de\/wp-content\/uploads\/2017\/03\/1190-300x199.jpg\" alt=\"\" width=\"300\" height=\"199\" srcset=\"https:\/\/www.tordas.de\/wp-content\/uploads\/2017\/03\/1190-300x199.jpg 300w, https:\/\/www.tordas.de\/wp-content\/uploads\/2017\/03\/1190-768x510.jpg 768w, https:\/\/www.tordas.de\/wp-content\/uploads\/2017\/03\/1190.jpg 900w\" sizes=\"auto, (max-width: 300px) 100vw, 300px\" \/><\/a><p id=\"caption-attachment-518\" class=\"wp-caption-text\">R\u00fcckkehr aus der Arktis<\/p><\/div><\/p>\n<p><a href=\"http:\/\/www.tordas.de\/wp-content\/uploads\/2014\/09\/bausr1.jpg\"><img loading=\"lazy\" decoding=\"async\" class=\"alignnone size-full wp-image-54\" src=\"http:\/\/www.tordas.de\/wp-content\/uploads\/2014\/09\/bausr1.jpg\" alt=\"\" width=\"153\" height=\"230\" \/><\/a><\/p>\n<p>Habt ihr schon immer nach den Sternen gegriffen? Nach dem Motto, Sonne, Mond und Sterne weisen uns den rechten Weg, vermitteln wir bei Gelegenheit\u00a0wie mensch mit einem Sextanten umgeht und erarbeiten uns gemeinsam den Weg von der beobachteten H\u00f6he des Gestirns zur Standlinie.<\/p>\n<\/div><\/div><\/div><div id=\"pgc-73-4-2\"  class=\"panel-grid-cell\" ><div id=\"panel-73-4-2-0\" class=\"so-panel widget widget_black-studio-tinymce widget_black_studio_tinymce panel-first-child panel-last-child\" data-index=\"9\" ><h3 class=\"widget-title\">Bordtechnik<\/h3><div class=\"textwidget\"><p><div id=\"attachment_542\" style=\"width: 310px\" class=\"wp-caption alignnone\"><a href=\"http:\/\/www.tordas.de\/wp-content\/uploads\/2017\/03\/P1040810.jpg\"><img loading=\"lazy\" decoding=\"async\" aria-describedby=\"caption-attachment-542\" class=\"size-medium wp-image-542\" src=\"http:\/\/www.tordas.de\/wp-content\/uploads\/2017\/03\/P1040810-300x225.jpg\" alt=\"\" width=\"300\" height=\"225\" \/><\/a><p id=\"caption-attachment-542\" class=\"wp-caption-text\">Falls ihr mal Probleme mit Wasser in der Bilge habt...<\/p><\/div><\/p>\n<p><div id=\"attachment_539\" style=\"width: 310px\" class=\"wp-caption alignnone\"><a href=\"http:\/\/www.tordas.de\/wp-content\/uploads\/2017\/03\/P1030419.jpg\"><img loading=\"lazy\" decoding=\"async\" aria-describedby=\"caption-attachment-539\" class=\"size-medium wp-image-539\" src=\"http:\/\/www.tordas.de\/wp-content\/uploads\/2017\/03\/P1030419-300x225.jpg\" alt=\"\" width=\"300\" height=\"225\" srcset=\"https:\/\/www.tordas.de\/wp-content\/uploads\/2017\/03\/P1030419-300x225.jpg 300w, https:\/\/www.tordas.de\/wp-content\/uploads\/2017\/03\/P1030419-768x576.jpg 768w, https:\/\/www.tordas.de\/wp-content\/uploads\/2017\/03\/P1030419.jpg 900w\" sizes=\"auto, (max-width: 300px) 100vw, 300px\" \/><\/a><p id=\"caption-attachment-539\" class=\"wp-caption-text\">....wir helfen euch \ud83d\ude42<\/p><\/div><\/p>\n<p><div id=\"attachment_537\" style=\"width: 310px\" class=\"wp-caption alignnone\"><a href=\"http:\/\/www.tordas.de\/wp-content\/uploads\/2017\/03\/P1020522.jpg\"><img loading=\"lazy\" decoding=\"async\" aria-describedby=\"caption-attachment-537\" class=\"size-medium wp-image-537\" src=\"http:\/\/www.tordas.de\/wp-content\/uploads\/2017\/03\/P1020522-300x169.jpg\" alt=\"\" width=\"300\" height=\"169\" srcset=\"https:\/\/www.tordas.de\/wp-content\/uploads\/2017\/03\/P1020522-300x169.jpg 300w, https:\/\/www.tordas.de\/wp-content\/uploads\/2017\/03\/P1020522-768x432.jpg 768w, https:\/\/www.tordas.de\/wp-content\/uploads\/2017\/03\/P1020522.jpg 900w\" sizes=\"auto, (max-width: 300px) 100vw, 300px\" \/><\/a><p id=\"caption-attachment-537\" class=\"wp-caption-text\">Schweissarbeiten<\/p><\/div><\/p>\n<p>wir helfen euch bei Schweissarbeiten, Takelage, Bordmechanik, Motorproblemen, Trimm....etc...<\/p>\n<p>&nbsp;<\/p>\n<\/div><\/div><\/div><\/div><div id=\"pg-73-5\"  class=\"panel-grid panel-no-style\" ><div id=\"pgc-73-5-0\"  class=\"panel-grid-cell\" ><div id=\"panel-73-5-0-0\" class=\"so-panel widget widget_black-studio-tinymce widget_black_studio_tinymce panel-first-child panel-last-child\" data-index=\"10\" ><h3 class=\"widget-title\">Einradfahren, Jonglieren&#8230;<\/h3><div class=\"textwidget\"><p><a href=\"http:\/\/www.tordas.de\/wp-content\/uploads\/2017\/03\/HvitSandBeachRad_009.jpg\"><img loading=\"lazy\" decoding=\"async\" class=\"alignnone size-medium wp-image-531\" src=\"http:\/\/www.tordas.de\/wp-content\/uploads\/2017\/03\/HvitSandBeachRad_009-300x225.jpg\" alt=\"\" width=\"300\" height=\"225\" srcset=\"https:\/\/www.tordas.de\/wp-content\/uploads\/2017\/03\/HvitSandBeachRad_009-300x225.jpg 300w, https:\/\/www.tordas.de\/wp-content\/uploads\/2017\/03\/HvitSandBeachRad_009-768x576.jpg 768w, https:\/\/www.tordas.de\/wp-content\/uploads\/2017\/03\/HvitSandBeachRad_009.jpg 900w\" sizes=\"auto, (max-width: 300px) 100vw, 300px\" \/><\/a><\/p>\n<p>...macht doch zusammen viel mehr Spass \ud83d\ude42<\/p>\n<p><b>K<\/b>omm r\u00fcber und geh mit uns ne Runde fahren.<\/p>\n<\/div><\/div><\/div><div id=\"pgc-73-5-1\"  class=\"panel-grid-cell\" ><div id=\"panel-73-5-1-0\" class=\"so-panel widget widget_black-studio-tinymce widget_black_studio_tinymce panel-first-child panel-last-child\" data-index=\"11\" ><h3 class=\"widget-title\">Kl\u00f6nschnak mit Seemannsgarn&#8230;<\/h3><div class=\"textwidget\"><p><div id=\"attachment_534\" style=\"width: 310px\" class=\"wp-caption alignnone\"><a href=\"http:\/\/www.tordas.de\/wp-content\/uploads\/2017\/03\/1734-2.jpg\"><img loading=\"lazy\" decoding=\"async\" aria-describedby=\"caption-attachment-534\" class=\"size-medium wp-image-534\" src=\"http:\/\/www.tordas.de\/wp-content\/uploads\/2017\/03\/1734-2-300x199.jpg\" alt=\"\" width=\"300\" height=\"199\" srcset=\"https:\/\/www.tordas.de\/wp-content\/uploads\/2017\/03\/1734-2-300x199.jpg 300w, https:\/\/www.tordas.de\/wp-content\/uploads\/2017\/03\/1734-2-768x510.jpg 768w, https:\/\/www.tordas.de\/wp-content\/uploads\/2017\/03\/1734-2.jpg 900w\" sizes=\"auto, (max-width: 300px) 100vw, 300px\" \/><\/a><p id=\"caption-attachment-534\" class=\"wp-caption-text\">If you \u00b4ve got the drinks, we have the ice!<\/p><\/div><\/p>\n<p>Wenn\u00b4s draussen so richtig ungem\u00fctlich ist gibt es nix sch\u00f6neres als Kl\u00f6nschnak mit Seemannsgarn und warme Getr\u00e4nke an Bord.<\/p>\n<p>Erz\u00e4hlt was ihr zu berichten habt oder h\u00f6rt zu was es neues an der K\u00fcste gibt....unglaublich aber wahr...<\/p>\n<p>&nbsp;<\/p>\n<\/div><\/div><\/div><\/div><div id=\"pg-73-6\"  class=\"panel-grid panel-no-style\" ><div id=\"pgc-73-6-0\"  class=\"panel-grid-cell panel-grid-cell-empty\" ><\/div><div id=\"pgc-73-6-1\"  class=\"panel-grid-cell panel-grid-cell-mobile-last\" ><div id=\"panel-73-6-1-0\" class=\"so-panel widget widget_sow-button panel-first-child panel-last-child\" data-index=\"12\" ><div\n\t\t\t\n\t\t\tclass=\"so-widget-sow-button so-widget-sow-button-wire-6f4499b4e3ed-73\"\n\t\t\t\n\t\t><div class=\"ow-button-base ow-button-align-center\"\n>\n\t\t\t<a\n\t\t\t\t\thref=\"https:\/\/www.facebook.com\/segelyachttordas\/\"\n\t\t\t\t\tclass=\"sowb-button ow-icon-placement-left ow-button-hover\" target=\"_blank\" rel=\"noopener noreferrer\" \t>\n\t\t<span>\n\t\t\t<span class=\"sow-icon-materialicons sowm-regular\" data-sow-icon=\"&#xf234\"\n\t\tstyle=\"color: #1e73be\" \n\t\taria-hidden=\"true\"><\/span>\n\t\t\tSY Tordas auf Facebook\t\t<\/span>\n\t\t\t<\/a>\n\t<\/div>\n<\/div><\/div><\/div><div id=\"pgc-73-6-2\"  class=\"panel-grid-cell panel-grid-cell-empty\" ><\/div><\/div><div id=\"pg-73-7\"  class=\"panel-grid panel-no-style\" ><div id=\"pgc-73-7-0\"  class=\"panel-grid-cell panel-grid-cell-empty\" ><\/div><\/div><\/div>","protected":false},"excerpt":{"rendered":"<p>T\u00f6rn Gr\u00f6nland 2023 T\u00f6rns 2022 in der Bretagne T\u00f6rns 2022\u00a0Bretagne &#8211; Galizien Vom 12.-14. August 2022 \u00a0F\u00eates des Vieux Gr\u00e9ements in Paimpol.<\/p>\n","protected":false},"author":3,"featured_media":2110,"parent":0,"menu_order":35,"comment_status":"open","ping_status":"open","template":"","meta":{"footnotes":""},"class_list":["post-73","page","type-page","status-publish","has-post-thumbnail","hentry"],"aioseo_notices":[],"_links":{"self":[{"href":"https:\/\/www.tordas.de\/index.php?rest_route=\/wp\/v2\/pages\/73","targetHints":{"allow":["GET"]}}],"collection":[{"href":"https:\/\/www.tordas.de\/index.php?rest_route=\/wp\/v2\/pages"}],"about":[{"href":"https:\/\/www.tordas.de\/index.php?rest_route=\/wp\/v2\/types\/page"}],"author":[{"embeddable":true,"href":"https:\/\/www.tordas.de\/index.php?rest_route=\/wp\/v2\/users\/3"}],"replies":[{"embeddable":true,"href":"https:\/\/www.tordas.de\/index.php?rest_route=%2Fwp%2Fv2%2Fcomments&post=73"}],"version-history":[{"count":135,"href":"https:\/\/www.tordas.de\/index.php?rest_route=\/wp\/v2\/pages\/73\/revisions"}],"predecessor-version":[{"id":1325,"href":"https:\/\/www.tordas.de\/index.php?rest_route=\/wp\/v2\/pages\/73\/revisions\/1325"}],"wp:featuredmedia":[{"embeddable":true,"href":"https:\/\/www.tordas.de\/index.php?rest_route=\/wp\/v2\/media\/2110"}],"wp:attachment":[{"href":"https:\/\/www.tordas.de\/index.php?rest_route=%2Fwp%2Fv2%2Fmedia&parent=73"}],"curies":[{"name":"wp","href":"https:\/\/api.w.org\/{rel}","templated":true}]}}