{"id":439,"date":"2017-03-21T11:51:02","date_gmt":"2017-03-21T09:51:02","guid":{"rendered":"http:\/\/www.tordas.de\/?page_id=439"},"modified":"2025-06-26T19:09:39","modified_gmt":"2025-06-26T17:09:39","slug":"expeditionstagebuecher","status":"publish","type":"page","link":"https:\/\/www.tordas.de\/?page_id=439","title":{"rendered":"Expeditionstageb\u00fccher"},"content":{"rendered":"<div id=\"pl-439\"  class=\"panel-layout\" ><div id=\"pg-439-0\"  class=\"panel-grid panel-no-style\" ><div id=\"pgc-439-0-0\"  class=\"panel-grid-cell\" ><div id=\"panel-439-0-0-0\" class=\"so-panel widget widget_sow-image panel-first-child panel-last-child\" data-index=\"0\" ><div\n\t\t\t\n\t\t\tclass=\"so-widget-sow-image so-widget-sow-image-default-8b5b6f678277-439\"\n\t\t\t\n\t\t>\n<div class=\"sow-image-container\">\n\t\t<img \n\tsrc=\"https:\/\/www.tordas.de\/wp-content\/uploads\/2017\/03\/PICT7208-300x199.jpg\" width=\"300\" height=\"199\" srcset=\"https:\/\/www.tordas.de\/wp-content\/uploads\/2017\/03\/PICT7208-300x199.jpg 300w, https:\/\/www.tordas.de\/wp-content\/uploads\/2017\/03\/PICT7208-768x510.jpg 768w, https:\/\/www.tordas.de\/wp-content\/uploads\/2017\/03\/PICT7208.jpg 900w\" sizes=\"(max-width: 300px) 100vw, 300px\" title=\"Schmugglerh\u00f6hle Fair Isle \" alt=\"\" \t\tclass=\"so-widget-image\"\/>\n\t<\/div>\n\n<\/div><\/div><\/div><div id=\"pgc-439-0-1\"  class=\"panel-grid-cell\" ><div id=\"panel-439-0-1-0\" class=\"so-panel widget widget_sow-image panel-first-child panel-last-child\" data-index=\"1\" ><div\n\t\t\t\n\t\t\tclass=\"so-widget-sow-image so-widget-sow-image-default-8b5b6f678277-439\"\n\t\t\t\n\t\t>\n<div class=\"sow-image-container\">\n\t\t<img \n\tsrc=\"https:\/\/www.tordas.de\/wp-content\/uploads\/2017\/03\/1134900-300x199.jpg\" width=\"300\" height=\"199\" srcset=\"https:\/\/www.tordas.de\/wp-content\/uploads\/2017\/03\/1134900-300x199.jpg 300w, https:\/\/www.tordas.de\/wp-content\/uploads\/2017\/03\/1134900-768x510.jpg 768w, https:\/\/www.tordas.de\/wp-content\/uploads\/2017\/03\/1134900.jpg 900w\" sizes=\"(max-width: 300px) 100vw, 300px\" title=\"Spitzbergen Crossfjord Gletscher\" alt=\"\" \t\tclass=\"so-widget-image\"\/>\n\t<\/div>\n\n<\/div><\/div><\/div><div id=\"pgc-439-0-2\"  class=\"panel-grid-cell\" ><div id=\"panel-439-0-2-0\" class=\"so-panel widget widget_sow-image panel-first-child panel-last-child\" data-index=\"2\" ><div\n\t\t\t\n\t\t\tclass=\"so-widget-sow-image so-widget-sow-image-default-8b5b6f678277-439\"\n\t\t\t\n\t\t>\n<div class=\"sow-image-container\">\n\t\t<img \n\tsrc=\"https:\/\/www.tordas.de\/wp-content\/uploads\/2017\/03\/1009-300x199.jpg\" width=\"300\" height=\"199\" srcset=\"https:\/\/www.tordas.de\/wp-content\/uploads\/2017\/03\/1009-300x199.jpg 300w, https:\/\/www.tordas.de\/wp-content\/uploads\/2017\/03\/1009-768x510.jpg 768w, https:\/\/www.tordas.de\/wp-content\/uploads\/2017\/03\/1009.jpg 900w\" sizes=\"(max-width: 300px) 100vw, 300px\" title=\"Polarkreis\" alt=\"\" \t\tclass=\"so-widget-image\"\/>\n\t<\/div>\n\n<\/div><\/div><\/div><div id=\"pgc-439-0-3\"  class=\"panel-grid-cell\" ><div id=\"panel-439-0-3-0\" class=\"so-panel widget widget_sow-image panel-first-child panel-last-child\" data-index=\"3\" ><div\n\t\t\t\n\t\t\tclass=\"so-widget-sow-image so-widget-sow-image-default-8b5b6f678277-439\"\n\t\t\t\n\t\t>\n<div class=\"sow-image-container\">\n\t\t<img \n\tsrc=\"https:\/\/www.tordas.de\/wp-content\/uploads\/2017\/03\/PICT0102-300x225.jpg\" width=\"300\" height=\"225\" srcset=\"https:\/\/www.tordas.de\/wp-content\/uploads\/2017\/03\/PICT0102-300x225.jpg 300w, https:\/\/www.tordas.de\/wp-content\/uploads\/2017\/03\/PICT0102.jpg 600w\" sizes=\"(max-width: 300px) 100vw, 300px\" title=\"Geister\" alt=\"\" \t\tclass=\"so-widget-image\"\/>\n\t<\/div>\n\n<\/div><\/div><\/div><div id=\"pgc-439-0-4\"  class=\"panel-grid-cell\" ><div id=\"panel-439-0-4-0\" class=\"so-panel widget widget_sow-image panel-first-child panel-last-child\" data-index=\"4\" ><div\n\t\t\t\n\t\t\tclass=\"so-widget-sow-image so-widget-sow-image-default-8b5b6f678277-439\"\n\t\t\t\n\t\t>\n<div class=\"sow-image-container\">\n\t\t<img \n\tsrc=\"https:\/\/www.tordas.de\/wp-content\/uploads\/2017\/03\/P1100997-300x225.jpg\" width=\"300\" height=\"225\" srcset=\"https:\/\/www.tordas.de\/wp-content\/uploads\/2017\/03\/P1100997-300x225.jpg 300w, https:\/\/www.tordas.de\/wp-content\/uploads\/2017\/03\/P1100997.jpg 600w\" sizes=\"(max-width: 300px) 100vw, 300px\" title=\"Segelbergen\" alt=\"\" \t\tclass=\"so-widget-image\"\/>\n\t<\/div>\n\n<\/div><\/div><\/div><\/div><div id=\"pg-439-1\"  class=\"panel-grid panel-no-style\" ><div id=\"pgc-439-1-0\"  class=\"panel-grid-cell\" ><div id=\"panel-439-1-0-0\" class=\"so-panel widget widget_black-studio-tinymce widget_black_studio_tinymce panel-first-child panel-last-child\" data-index=\"5\" ><div class=\"panel-widget-style panel-widget-style-for-439-1-0-0\" ><h3 class=\"widget-title\">T\u00f6rnpl\u00e4ne vergangener Jahre<\/h3><div class=\"textwidget\"><div id=\"pg-24-0\" class=\"panel-grid\">\n<div id=\"pgc-24-0-0\" class=\"panel-grid-cell\">\n<div id=\"panel-24-0-0-1\" class=\"so-panel widget widget_black-studio-tinymce widget_black_studio_tinymce panel-last-child\" data-index=\"1\">\n<div class=\"textwidget\">\n<p style=\"text-align: center;\"><strong><a href=\"http:\/\/www.tordas.de\/wp-content\/uploads\/2019\/04\/T\u00f6rnplan2019-2.pdf\">T\u00f6rnplan Bretagne Irland Scotland Orkney Shetland 2019<\/a>\u00a0<\/strong><\/p>\n<p style=\"text-align: center;\"><a href=\"http:\/\/www.tordas.de\/wp-content\/uploads\/2019\/04\/T\u00f6rnplan2018_ek.pdf\"><strong>T\u00f6rnplan Bretagne Irland Schottland 2018<\/strong><\/a><\/p>\n<p style=\"text-align: center;\"><a href=\"http:\/\/www.tordas.de\/wp-content\/uploads\/2019\/04\/T\u00f6rnplan-2017.pdf\"><strong>T\u00f6rnplan Englischer Kanal Bretagne 2017<\/strong><\/a><\/p>\n<p style=\"text-align: center;\"><strong><a href=\"http:\/\/www.tordas.de\/wp-content\/uploads\/2017\/03\/T%C3%B6rn-2-Plan-B-2015-4.pdf\">T\u00f6rnplan 2. Plan B, D\u00e4nemark, Norwegen 2015<\/a><\/strong><\/p>\n<p style=\"text-align: center;\"><strong><a href=\"http:\/\/www.tordas.de\/wp-content\/uploads\/2019\/04\/T\u00f6rnplan-2013.pdf\">Estland, Gotland, Litauen, Lettland 2013<\/a><\/strong><\/p>\n<p style=\"text-align: center;\"><strong><a href=\"http:\/\/www.tordas.de\/wp-content\/uploads\/2017\/03\/T%C3%B6rnplanop-2011.pdf\">Orkney, Shetlands, Norwegen, Hardanger, LyseFjord 2011<\/a><\/strong><\/p>\n<p style=\"text-align: center;\"><strong><a href=\"http:\/\/www.tordas.de\/wp-content\/uploads\/2017\/03\/T%C3%B6rnplanop-2008.pdf\">Bretagne, Isles of Scilly, Englischer Kanal 2008<\/a><\/strong><\/p>\n<p style=\"text-align: center;\"><strong><a href=\"http:\/\/www.tordas.de\/wp-content\/uploads\/2017\/03\/T%C3%B6rnplan-2007.pdf\">Schottland, Caledonian Canal, Hebriden, Orkney 2007<\/a><\/strong><\/p>\n<p style=\"text-align: center;\"><strong><a href=\"http:\/\/www.tordas.de\/wp-content\/uploads\/2017\/03\/T%C3%B6rnplan-2006.pdf\">Schottland, Orkney, Shetlands, Norwegen 2006<\/a><\/strong><\/p>\n<p style=\"text-align: center;\"><strong><a href=\"http:\/\/www.tordas.de\/wp-content\/uploads\/2017\/03\/T%C3%B6rnplan-2005.pdf\">Spitzbergen 2005<\/a><\/strong><\/p>\n<p style=\"text-align: center;\"><strong>Ostsee 2004<\/strong><\/p>\n<p style=\"text-align: center;\"><strong>Schottland, Caledonian Canal, Hebriden, Orkney 2003<\/strong><\/p>\n<p style=\"text-align: center;\"><a href=\"http:\/\/www.tordas.de\/wp-content\/uploads\/2017\/03\/T%C3%B6rnplan-2002.pdf\"><strong>Schottland, Orkney, Shetlands, Norwegen 2002<\/strong><\/a><\/p>\n<p style=\"text-align: center;\"><strong>D\u00e4nemark, Schweden 2001<\/strong><\/p>\n<p style=\"text-align: center;\"><strong>G\u00f6takanal, Aaland, Bottnischer Meerbusen 2000\u00a0<\/strong><\/p>\n<p style=\"text-align: center;\"><strong>T\u00f6rn Schottland Orkney 1999<\/strong><\/p>\n<p style=\"text-align: center;\"><strong>T\u00f6rn Schweden Sch\u00e4ren West 1998<\/strong><\/p>\n<\/div>\n<\/div>\n<\/div>\n<\/div>\n<div id=\"pg-24-1\" class=\"panel-grid\" style=\"text-align: center;\"><\/div>\n<\/div><\/div><\/div><\/div><\/div><div id=\"pg-439-2\"  class=\"panel-grid panel-has-style\" ><div class=\"siteorigin-panels-stretch panel-row-style panel-row-style-for-439-2\" data-stretch-type=\"full\" ><div id=\"pgc-439-2-0\"  class=\"panel-grid-cell\" ><div id=\"panel-439-2-0-0\" class=\"so-panel widget widget_sow-button panel-first-child panel-last-child\" data-index=\"6\" ><div\n\t\t\t\n\t\t\tclass=\"so-widget-sow-button so-widget-sow-button-flat-808222cf01f0-439\"\n\t\t\t\n\t\t><div class=\"ow-button-base ow-button-align-center\"\n>\n\t\t\t<a\n\t\t\t\t\thref=\"http:\/\/krosnoff-media.de\/portfolio\/tordas-2\"\n\t\t\t\t\tclass=\"sowb-button ow-icon-placement-left\" target=\"_blank\" rel=\"noopener noreferrer\" \t>\n\t\t<span>\n\t\t\t\t\t\t\t<div class=\"sow-icon-image\" style=\"background-image: url(https:\/\/www.tordas.de\/wp-content\/uploads\/2017\/03\/P1040485-150x150.jpg)\"><\/div>\n\t\t\t\t\n\t\t\tSchwimmendes Zuhause TV Produktion 2015\t\t<\/span>\n\t\t\t<\/a>\n\t<\/div>\n<\/div><\/div><\/div><div id=\"pgc-439-2-1\"  class=\"panel-grid-cell\" ><div id=\"panel-439-2-1-0\" class=\"so-panel widget widget_sow-button panel-first-child panel-last-child\" data-index=\"7\" ><div\n\t\t\t\n\t\t\tclass=\"so-widget-sow-button so-widget-sow-button-flat-686cbc0f0ece-439\"\n\t\t\t\n\t\t><div class=\"ow-button-base ow-button-align-center\"\n>\n\t\t\t<a\n\t\t\t\t\thref=\"http:\/\/www.tordas.de\/wp-content\/uploads\/2018\/12\/Tordas-Logbuch-2017-Block-web.pdf\"\n\t\t\t\t\tclass=\"sowb-button ow-icon-placement-left\" target=\"_blank\" rel=\"noopener noreferrer\" \t>\n\t\t<span>\n\t\t\t\t\t\t\t<div class=\"sow-icon-image\" style=\"background-image: url(https:\/\/www.tordas.de\/wp-content\/uploads\/2018\/12\/DSC08942_beschnitten-150x150.jpg)\"><\/div>\n\t\t\t\t\n\t\t\tLogbuch 2017 - Von Hamburg bis Camaret sur Mer\t\t<\/span>\n\t\t\t<\/a>\n\t<\/div>\n<\/div><\/div><\/div><\/div><\/div><div id=\"pg-439-3\"  class=\"panel-grid panel-no-style\" ><div id=\"pgc-439-3-0\"  class=\"panel-grid-cell\" ><div id=\"panel-439-3-0-0\" class=\"so-panel widget widget_sow-button panel-first-child panel-last-child\" data-index=\"8\" ><div\n\t\t\t\n\t\t\tclass=\"so-widget-sow-button so-widget-sow-button-flat-686cbc0f0ece-439\"\n\t\t\t\n\t\t><div class=\"ow-button-base ow-button-align-center\"\n>\n\t\t\t<a\n\t\t\t\t\thref=\"http:\/\/www.obermayer.co.at\/privat\/index.php?content=segeln\/201305_TORDAS.htm\"\n\t\t\t\t\tclass=\"sowb-button ow-icon-placement-left\" \t>\n\t\t<span>\n\t\t\t\t\t\t\t<div class=\"sow-icon-image\" style=\"background-image: url(https:\/\/www.tordas.de\/wp-content\/uploads\/2017\/03\/P1040485-150x150.jpg)\"><\/div>\n\t\t\t\t\n\t\t\tT\u00f6rnbericht von unserem Freund Karl 2013\t\t<\/span>\n\t\t\t<\/a>\n\t<\/div>\n<\/div><\/div><\/div><div id=\"pgc-439-3-1\"  class=\"panel-grid-cell\" ><div id=\"panel-439-3-1-0\" class=\"so-panel widget widget_sow-button panel-first-child panel-last-child\" data-index=\"9\" ><div\n\t\t\t\n\t\t\tclass=\"so-widget-sow-button so-widget-sow-button-flat-686cbc0f0ece-439\"\n\t\t\t\n\t\t><div class=\"ow-button-base ow-button-align-center\"\n>\n\t\t\t<a\n\t\t\t\t\thref=\"http:\/\/www.bund-mecklenburg-vorpommern.de\/nc\/presse\/pressemitteilungen\/detail\/artikel\/segeln-fuer-die-natur\/\"\n\t\t\t\t\tclass=\"sowb-button ow-icon-placement-left\" \t>\n\t\t<span>\n\t\t\t\t\t\t\t<div class=\"sow-icon-image\" style=\"background-image: url(https:\/\/www.tordas.de\/wp-content\/uploads\/2017\/03\/P1040485-150x150.jpg)\"><\/div>\n\t\t\t\t\n\t\t\tBUND Segeln f\u00fcr die Natur 2013\t\t<\/span>\n\t\t\t<\/a>\n\t<\/div>\n<\/div><\/div><\/div><\/div><div id=\"pg-439-4\"  class=\"panel-grid panel-no-style\" ><div id=\"pgc-439-4-0\"  class=\"panel-grid-cell\" ><div id=\"panel-439-4-0-0\" class=\"so-panel widget widget_sow-button panel-first-child panel-last-child\" data-index=\"10\" ><div\n\t\t\t\n\t\t\tclass=\"so-widget-sow-button so-widget-sow-button-flat-686cbc0f0ece-439\"\n\t\t\t\n\t\t><div class=\"ow-button-base ow-button-align-center\"\n>\n\t\t\t<a\n\t\t\t\t\thref=\"http:\/\/www.tordas.de\/wp-content\/uploads\/2017\/04\/BUND-Ostseesegeltour-2007.jpg\"\n\t\t\t\t\tclass=\"sowb-button ow-icon-placement-left\" \t>\n\t\t<span>\n\t\t\t\t\t\t\t<div class=\"sow-icon-image\" style=\"background-image: url(https:\/\/www.tordas.de\/wp-content\/uploads\/2017\/03\/1169-150x150.jpg)\"><\/div>\n\t\t\t\t\n\t\t\tBUND Ostseesegeltour 2007\t\t<\/span>\n\t\t\t<\/a>\n\t<\/div>\n<\/div><\/div><\/div><div id=\"pgc-439-4-1\"  class=\"panel-grid-cell\" ><div id=\"panel-439-4-1-0\" class=\"so-panel widget widget_sow-button panel-first-child panel-last-child\" data-index=\"11\" ><div\n\t\t\t\n\t\t\tclass=\"so-widget-sow-button so-widget-sow-button-flat-686cbc0f0ece-439\"\n\t\t\t\n\t\t><div class=\"ow-button-base ow-button-align-center\"\n>\n\t\t\t<a\n\t\t\t\t\thref=\"https:\/\/taucher.net\/diveinside-segeln_fuer_die_natur__das_gruene_band_am_ostseestrand_-_aktionstage_in_warnemuende-kaz2679\"\n\t\t\t\t\tclass=\"sowb-button ow-icon-placement-left\" \t>\n\t\t<span>\n\t\t\t\t\t\t\t<div class=\"sow-icon-image\" style=\"background-image: url(https:\/\/www.tordas.de\/wp-content\/uploads\/2017\/03\/1169-150x150.jpg)\"><\/div>\n\t\t\t\t\n\t\t\tGr\u00fcnes Band Ostsee, Segeln f\u00fcr die Natur 2007\t\t<\/span>\n\t\t\t<\/a>\n\t<\/div>\n<\/div><\/div><\/div><\/div><div id=\"pg-439-5\"  class=\"panel-grid panel-no-style\" ><div id=\"pgc-439-5-0\"  class=\"panel-grid-cell\" ><div id=\"panel-439-5-0-0\" class=\"so-panel widget widget_sow-button panel-first-child\" data-index=\"12\" ><div\n\t\t\t\n\t\t\tclass=\"so-widget-sow-button so-widget-sow-button-flat-686cbc0f0ece-439\"\n\t\t\t\n\t\t><div class=\"ow-button-base ow-button-align-center\"\n>\n\t\t\t<a\n\t\t\t\t\thref=\"http:\/\/www.tordas.de\/wp-content\/uploads\/2017\/03\/Logbuch-Spitzbergen-2005.pdf\"\n\t\t\t\t\tclass=\"sowb-button ow-icon-placement-left\" \t>\n\t\t<span>\n\t\t\t\t\t\t\t<div class=\"sow-icon-image\" style=\"background-image: url(https:\/\/www.tordas.de\/wp-content\/uploads\/2017\/03\/1169-150x150.jpg)\"><\/div>\n\t\t\t\t\n\t\t\tExpeditionstagebuch Spitzbergen 2005\t\t<\/span>\n\t\t\t<\/a>\n\t<\/div>\n<\/div><\/div><div id=\"panel-439-5-0-1\" class=\"so-panel widget widget_sow-button panel-last-child\" data-index=\"13\" ><div\n\t\t\t\n\t\t\tclass=\"so-widget-sow-button so-widget-sow-button-flat-686cbc0f0ece-439\"\n\t\t\t\n\t\t><div class=\"ow-button-base ow-button-align-center\"\n>\n\t\t\t<a\n\t\t\t\t\thref=\"http:\/\/www.tordas.de\/wp-content\/uploads\/2017\/03\/Logbuch-Schottland-2007.pdf\"\n\t\t\t\t\tclass=\"sowb-button ow-icon-placement-left\" \t>\n\t\t<span>\n\t\t\t\t\t\t\t<div class=\"sow-icon-image\" style=\"background-image: url(https:\/\/www.tordas.de\/wp-content\/uploads\/2017\/03\/P1040485-150x150.jpg)\"><\/div>\n\t\t\t\t\n\t\t\tExpeditionstagebuch Schottland 2007\t\t<\/span>\n\t\t\t<\/a>\n\t<\/div>\n<\/div><\/div><\/div><div id=\"pgc-439-5-1\"  class=\"panel-grid-cell\" ><div id=\"panel-439-5-1-0\" class=\"so-panel widget widget_sow-button panel-first-child\" data-index=\"14\" ><div\n\t\t\t\n\t\t\tclass=\"so-widget-sow-button so-widget-sow-button-flat-686cbc0f0ece-439\"\n\t\t\t\n\t\t><div class=\"ow-button-base ow-button-align-center\"\n>\n\t\t\t<a\n\t\t\t\t\thref=\"http:\/\/www.tordas.de\/wp-content\/uploads\/2017\/04\/Gl\u00fcckstadtregatta.pdf\"\n\t\t\t\t\tclass=\"sowb-button ow-icon-placement-left\" target=\"_blank\" rel=\"noopener noreferrer\" \t>\n\t\t<span>\n\t\t\t\t\t\t\t<div class=\"sow-icon-image\" style=\"background-image: url(https:\/\/www.tordas.de\/wp-content\/uploads\/2017\/03\/1169-150x150.jpg)\"><\/div>\n\t\t\t\t\n\t\t\tStartschiff Tordas, Gl\u00fcckstadtregatta \t\t<\/span>\n\t\t\t<\/a>\n\t<\/div>\n<\/div><\/div><div id=\"panel-439-5-1-1\" class=\"so-panel widget widget_sow-button panel-last-child\" data-index=\"15\" ><div\n\t\t\t\n\t\t\tclass=\"so-widget-sow-button so-widget-sow-button-flat-9c0640e4e642-439\"\n\t\t\t\n\t\t><div class=\"ow-button-base ow-button-align-center\"\n>\n\t\t\t<a\n\t\t\t\tclass=\"sowb-button ow-icon-placement-left\" \t>\n\t\t<span>\n\t\t\t<span class=\"sow-icon-fontawesome sow-fas\" data-sow-icon=\"&#xf21a;\"\n\t\tstyle=\"color: #e3e3e3\" \n\t\taria-hidden=\"true\"><\/span>\n\t\t\t\t\t<\/span>\n\t\t\t<\/a>\n\t<\/div>\n<\/div><\/div><\/div><\/div><\/div>","protected":false},"excerpt":{"rendered":"<p>T\u00f6rnplan Bretagne Irland Scotland Orkney Shetland 2019\u00a0 T\u00f6rnplan Bretagne Irland Schottland 2018 T\u00f6rnplan Englischer Kanal Bretagne 2017 T\u00f6rnplan 2. Plan B, D\u00e4nemark, Norwegen 2015 Estland, Gotland, Litauen, Lettland 2013 Orkney, Shetlands, Norwegen, Hardanger, LyseFjord 2011 Bretagne, Isles of Scilly, Englischer Kanal 2008 Schottland, Caledonian Canal, Hebriden, Orkney 2007 Schottland, Orkney, Shetlands, Norwegen 2006 Spitzbergen 2005 &#8230;<\/p>\n","protected":false},"author":2,"featured_media":62,"parent":0,"menu_order":30,"comment_status":"open","ping_status":"open","template":"","meta":{"footnotes":""},"class_list":["post-439","page","type-page","status-publish","has-post-thumbnail","hentry"],"aioseo_notices":[],"_links":{"self":[{"href":"https:\/\/www.tordas.de\/index.php?rest_route=\/wp\/v2\/pages\/439","targetHints":{"allow":["GET"]}}],"collection":[{"href":"https:\/\/www.tordas.de\/index.php?rest_route=\/wp\/v2\/pages"}],"about":[{"href":"https:\/\/www.tordas.de\/index.php?rest_route=\/wp\/v2\/types\/page"}],"author":[{"embeddable":true,"href":"https:\/\/www.tordas.de\/index.php?rest_route=\/wp\/v2\/users\/2"}],"replies":[{"embeddable":true,"href":"https:\/\/www.tordas.de\/index.php?rest_route=%2Fwp%2Fv2%2Fcomments&post=439"}],"version-history":[{"count":60,"href":"https:\/\/www.tordas.de\/index.php?rest_route=\/wp\/v2\/pages\/439\/revisions"}],"predecessor-version":[{"id":1058,"href":"https:\/\/www.tordas.de\/index.php?rest_route=\/wp\/v2\/pages\/439\/revisions\/1058"}],"wp:featuredmedia":[{"embeddable":true,"href":"https:\/\/www.tordas.de\/index.php?rest_route=\/wp\/v2\/media\/62"}],"wp:attachment":[{"href":"https:\/\/www.tordas.de\/index.php?rest_route=%2Fwp%2Fv2%2Fmedia&parent=439"}],"curies":[{"name":"wp","href":"https:\/\/api.w.org\/{rel}","templated":true}]}}