{"id":20,"date":"2014-09-20T02:42:55","date_gmt":"2014-09-20T00:42:55","guid":{"rendered":"http:\/\/www.tordas.de\/?page_id=20"},"modified":"2019-04-28T18:26:33","modified_gmt":"2019-04-28T16:26:33","slug":"sy-tordas","status":"publish","type":"page","link":"https:\/\/www.tordas.de\/?page_id=20","title":{"rendered":"SY Tordas"},"content":{"rendered":"<div id=\"pl-20\"  class=\"panel-layout\" ><div id=\"pg-20-0\"  class=\"panel-grid panel-no-style\" ><div id=\"pgc-20-0-0\"  class=\"panel-grid-cell\" ><div id=\"panel-20-0-0-0\" class=\"so-panel widget widget_sow-editor panel-first-child panel-last-child\" data-index=\"0\" ><div\n\t\t\t\n\t\t\tclass=\"so-widget-sow-editor so-widget-sow-editor-base\"\n\t\t\t\n\t\t><h3 class=\"widget-title\">Revier<\/h3>\n<div class=\"siteorigin-widget-tinymce textwidget\">\n\t<p>Tordas ist mit Vorliebe in den nordischen Revieren unterwegs. Nord Atlantic, Nordsee, Kanal, an den K\u00fcsten Norwegens, Spitzbergen, Lofoten, Schweden, Schottland, Orkney, Shetland, Hebriden, Irland, Bretagne sind Regionen in denen man uns begegnet....aber wir brechen auch immer mal auf zu neuen Ufern..... \u00a0<\/p>\n<\/div>\n<\/div><\/div><\/div><\/div><div id=\"pg-20-1\"  class=\"panel-grid panel-no-style\" ><div id=\"pgc-20-1-0\"  class=\"panel-grid-cell\" ><div id=\"panel-20-1-0-0\" class=\"so-panel widget widget_text panel-first-child panel-last-child\" data-index=\"1\" ><h3 class=\"widget-title\">Unser Abenteuer- und Seereiseschiff Tordas ist in mancherlei Hinsicht ein besonderes Schiff.<\/h3>\t\t\t<div class=\"textwidget\"><p>Wir segeln seit 25 Jahren erfolgreich ohne Antifouling!<br \/>\nTordas ist f\u00fcr sein manchmal raues Einsatzgebiet in Nordsee, Ostsee und Nordatlantik, besonders stabil, sicher und seet\u00fcchtig gebaut. Es ist f\u00fcr Expeditionen ausger\u00fcstet und garantiert auch in den entlegensten Gebieten, dort wo es keine L\u00e4den, keine Apotheke und kein Handynetz mehr gibt, Sicherheit und Wohnlichkeit. Auf Tordas kann man die Seele baumeln lassen, Seemeilen sammeln und Einblicke in Astronavigation, Seemannschaft, Gezeitennavigation, u.v.m bekommen. In jedem Fall verbringen unsere Mitsegelnden auf ihm auch eine au\u00dfergew\u00f6hnliche Zeit in besonders reizvollen Revieren.<\/p>\n<p>Tordas ist uns besonders ans Herz gewachsen, weil es uns sicher und zuverl\u00e4ssig durch Wind und Wetter viele tausend Seemeilen dorthin gebracht hat, wo sonst keiner hinkommt.<\/p>\n<\/div>\n\t\t<\/div><\/div><div id=\"pgc-20-1-1\"  class=\"panel-grid-cell\" ><div id=\"panel-20-1-1-0\" class=\"so-panel widget widget_simpleimage panel-first-child panel-last-child\" data-index=\"2\" >\n\n\t<p class=\"simple-image\">\n\t\t<img loading=\"lazy\" decoding=\"async\" width=\"300\" height=\"225\" src=\"https:\/\/www.tordas.de\/wp-content\/uploads\/2014\/09\/DSCF2571-300x225.jpg\" class=\"attachment-medium size-medium\" alt=\"\" srcset=\"https:\/\/www.tordas.de\/wp-content\/uploads\/2014\/09\/DSCF2571-300x225.jpg 300w, https:\/\/www.tordas.de\/wp-content\/uploads\/2014\/09\/DSCF2571-1024x768.jpg 1024w\" sizes=\"auto, (max-width: 300px) 100vw, 300px\" \/>\t<\/p>\n\n\n<\/div><\/div><\/div><div id=\"pg-20-2\"  class=\"panel-grid panel-no-style\" ><div id=\"pgc-20-2-0\"  class=\"panel-grid-cell\" ><div id=\"panel-20-2-0-0\" class=\"so-panel widget widget_sow-image panel-first-child panel-last-child\" data-index=\"3\" ><div\n\t\t\t\n\t\t\tclass=\"so-widget-sow-image so-widget-sow-image-default-8b5b6f678277-20\"\n\t\t\t\n\t\t>\n<div class=\"sow-image-container\">\n\t\t<img \n\tsrc=\"https:\/\/www.tordas.de\/wp-content\/uploads\/2017\/03\/PICT1769.jpg\" width=\"600\" height=\"398\" srcset=\"https:\/\/www.tordas.de\/wp-content\/uploads\/2017\/03\/PICT1769.jpg 600w, https:\/\/www.tordas.de\/wp-content\/uploads\/2017\/03\/PICT1769-300x199.jpg 300w\" sizes=\"(max-width: 600px) 100vw, 600px\" title=\"KONICA MINOLTA DIGITAL CAMERA\" alt=\"\" \t\tclass=\"so-widget-image\"\/>\n\t<\/div>\n\n<\/div><\/div><\/div><div id=\"pgc-20-2-1\"  class=\"panel-grid-cell\" ><div id=\"panel-20-2-1-0\" class=\"so-panel widget widget_sow-image panel-first-child panel-last-child\" data-index=\"4\" ><div\n\t\t\t\n\t\t\tclass=\"so-widget-sow-image so-widget-sow-image-default-8b5b6f678277-20\"\n\t\t\t\n\t\t>\n<div class=\"sow-image-container\">\n\t\t<img \n\tsrc=\"https:\/\/www.tordas.de\/wp-content\/uploads\/2014\/09\/1154.jpg\" width=\"900\" height=\"598\" srcset=\"https:\/\/www.tordas.de\/wp-content\/uploads\/2014\/09\/1154.jpg 900w, https:\/\/www.tordas.de\/wp-content\/uploads\/2014\/09\/1154-300x199.jpg 300w, https:\/\/www.tordas.de\/wp-content\/uploads\/2014\/09\/1154-768x510.jpg 768w, https:\/\/www.tordas.de\/wp-content\/uploads\/2014\/09\/1154-272x182.jpg 272w\" sizes=\"(max-width: 900px) 100vw, 900px\" title=\"KONICA MINOLTA DIGITAL CAMERA\" alt=\"\" \t\tclass=\"so-widget-image\"\/>\n\t<\/div>\n\n<\/div><\/div><\/div><div id=\"pgc-20-2-2\"  class=\"panel-grid-cell\" ><div id=\"panel-20-2-2-0\" class=\"so-panel widget widget_sow-image panel-first-child panel-last-child\" data-index=\"5\" ><div\n\t\t\t\n\t\t\tclass=\"so-widget-sow-image so-widget-sow-image-default-8b5b6f678277-20\"\n\t\t\t\n\t\t>\n<div class=\"sow-image-container\">\n\t\t<img \n\tsrc=\"https:\/\/www.tordas.de\/wp-content\/uploads\/2017\/03\/P6161298.jpg\" width=\"900\" height=\"675\" srcset=\"https:\/\/www.tordas.de\/wp-content\/uploads\/2017\/03\/P6161298.jpg 900w, https:\/\/www.tordas.de\/wp-content\/uploads\/2017\/03\/P6161298-300x225.jpg 300w, https:\/\/www.tordas.de\/wp-content\/uploads\/2017\/03\/P6161298-768x576.jpg 768w\" sizes=\"(max-width: 900px) 100vw, 900px\" title=\"Trockenfallen \" alt=\"\" \t\tclass=\"so-widget-image\"\/>\n\t<\/div>\n\n<\/div><\/div><\/div><div id=\"pgc-20-2-3\"  class=\"panel-grid-cell\" ><div id=\"panel-20-2-3-0\" class=\"so-panel widget widget_sow-image panel-first-child panel-last-child\" data-index=\"6\" ><div\n\t\t\t\n\t\t\tclass=\"so-widget-sow-image so-widget-sow-image-default-8b5b6f678277-20\"\n\t\t\t\n\t\t>\n<div class=\"sow-image-container\">\n\t\t<img \n\tsrc=\"https:\/\/www.tordas.de\/wp-content\/uploads\/2014\/09\/IMG_0297.jpg\" width=\"600\" height=\"450\" srcset=\"https:\/\/www.tordas.de\/wp-content\/uploads\/2014\/09\/IMG_0297.jpg 600w, https:\/\/www.tordas.de\/wp-content\/uploads\/2014\/09\/IMG_0297-300x225.jpg 300w\" sizes=\"(max-width: 600px) 100vw, 600px\" alt=\"\" \t\tclass=\"so-widget-image\"\/>\n\t<\/div>\n\n<\/div><\/div><\/div><div id=\"pgc-20-2-4\"  class=\"panel-grid-cell\" ><div id=\"panel-20-2-4-0\" class=\"so-panel widget widget_sow-image panel-first-child panel-last-child\" data-index=\"7\" ><div\n\t\t\t\n\t\t\tclass=\"so-widget-sow-image so-widget-sow-image-default-8b5b6f678277-20\"\n\t\t\t\n\t\t>\n<div class=\"sow-image-container\">\n\t\t<img \n\tsrc=\"https:\/\/www.tordas.de\/wp-content\/uploads\/2014\/09\/frontpage_ship.jpg\" width=\"570\" height=\"390\" srcset=\"https:\/\/www.tordas.de\/wp-content\/uploads\/2014\/09\/frontpage_ship.jpg 570w, https:\/\/www.tordas.de\/wp-content\/uploads\/2014\/09\/frontpage_ship-300x205.jpg 300w\" sizes=\"(max-width: 570px) 100vw, 570px\" alt=\"\" \t\tclass=\"so-widget-image\"\/>\n\t<\/div>\n\n<\/div><\/div><\/div><\/div><div id=\"pg-20-3\"  class=\"panel-grid panel-no-style\" ><div id=\"pgc-20-3-0\"  class=\"panel-grid-cell\" ><div id=\"panel-20-3-0-0\" class=\"so-panel widget widget_sow-image panel-first-child panel-last-child\" data-index=\"8\" ><div\n\t\t\t\n\t\t\tclass=\"so-widget-sow-image so-widget-sow-image-default-8b5b6f678277-20\"\n\t\t\t\n\t\t>\n<div class=\"sow-image-container\">\n\t\t\t<a href=\"\/wp-content\/uploads\/2014\/09\/Tordasskizze.jpg\"\n\t\t\t\t\t>\n\t\t\t<img \n\tsrc=\"https:\/\/www.tordas.de\/wp-content\/uploads\/2014\/09\/Tordasskizze-300x162.jpg\" width=\"300\" height=\"162\" srcset=\"https:\/\/www.tordas.de\/wp-content\/uploads\/2014\/09\/Tordasskizze-300x162.jpg 300w, https:\/\/www.tordas.de\/wp-content\/uploads\/2014\/09\/Tordasskizze.jpg 701w\" sizes=\"(max-width: 300px) 100vw, 300px\" alt=\"\" \t\tclass=\"so-widget-image\"\/>\n\t\t\t<\/a><\/div>\n\n<\/div><\/div><\/div><div id=\"pgc-20-3-1\"  class=\"panel-grid-cell\" ><div id=\"panel-20-3-1-0\" class=\"so-panel widget widget_black-studio-tinymce widget_black_studio_tinymce panel-first-child panel-last-child\" data-index=\"9\" ><h3 class=\"widget-title\">Technische Daten<\/h3><div class=\"textwidget\"><ul>\n<li><strong>Tordas segelt<\/strong> <strong>seit 25 Jahren erfolgreich ohne Antifouling<\/strong><\/li>\n<li><strong>Stahlketsch, L\u00e4nge<\/strong>: 18,70 m; <strong>Breite<\/strong>: 5,0 m; <strong>Tiefgang<\/strong>: 2,1 m; Langkiel, Stahl<\/li>\n<li><strong>215 qm Segelfl\u00e4che Segelwerkstatt Stade, total<\/strong>: Kl\u00fcver, Genua, Gro\u00dfsegel, Besansegel<\/li>\n<li>Vier wasser- und feuerfeste Stahlschotten + Kollisionsschott K\u00fcche<\/li>\n<li>Zwei Salonebenen, 7 Mitseglerkojen in drei Kammern.<\/li>\n<li>120 PS Scania Schiffsdiesel mit zwei Anlassern usw.<\/li>\n<li>3 x 650 L Treibstoff, 2 x 650 L Brauchwasser, 400 L Trinkwasser<\/li>\n<\/ul>\n<\/div><\/div><\/div><\/div><div id=\"pg-20-4\"  class=\"panel-grid panel-no-style\" ><div id=\"pgc-20-4-0\"  class=\"panel-grid-cell\" ><div id=\"panel-20-4-0-0\" class=\"so-panel widget widget_sow-image panel-first-child panel-last-child\" data-index=\"10\" ><div\n\t\t\t\n\t\t\tclass=\"so-widget-sow-image so-widget-sow-image-default-8b5b6f678277-20\"\n\t\t\t\n\t\t>\n<div class=\"sow-image-container\">\n\t\t<img \n\tsrc=\"https:\/\/www.tordas.de\/wp-content\/uploads\/2017\/03\/IMG_0293.jpg\" width=\"600\" height=\"450\" srcset=\"https:\/\/www.tordas.de\/wp-content\/uploads\/2017\/03\/IMG_0293.jpg 600w, https:\/\/www.tordas.de\/wp-content\/uploads\/2017\/03\/IMG_0293-300x225.jpg 300w\" sizes=\"(max-width: 600px) 100vw, 600px\" alt=\"\" \t\tclass=\"so-widget-image\"\/>\n\t<\/div>\n\n<\/div><\/div><\/div><div id=\"pgc-20-4-1\"  class=\"panel-grid-cell\" ><div id=\"panel-20-4-1-0\" class=\"so-panel widget widget_sow-image panel-first-child panel-last-child\" data-index=\"11\" ><div\n\t\t\t\n\t\t\tclass=\"so-widget-sow-image so-widget-sow-image-default-8b5b6f678277-20\"\n\t\t\t\n\t\t>\n<div class=\"sow-image-container\">\n\t\t\t<a href=\"http:\/\/www.tordas.de\/wp-content\/uploads\/2017\/03\/P1020888-1.jpg\"\n\t\t\t\t\t>\n\t\t\t<img \n\tsrc=\"https:\/\/www.tordas.de\/wp-content\/uploads\/2017\/03\/P1020888-1.jpg\" width=\"600\" height=\"450\" srcset=\"https:\/\/www.tordas.de\/wp-content\/uploads\/2017\/03\/P1020888-1.jpg 600w, https:\/\/www.tordas.de\/wp-content\/uploads\/2017\/03\/P1020888-1-300x225.jpg 300w\" sizes=\"(max-width: 600px) 100vw, 600px\" title=\"drau\u00dfen Schietwetter\" alt=\"\" \t\tclass=\"so-widget-image\"\/>\n\t\t\t<\/a><\/div>\n\n<\/div><\/div><\/div><div id=\"pgc-20-4-2\"  class=\"panel-grid-cell\" ><div id=\"panel-20-4-2-0\" class=\"so-panel widget widget_sow-image panel-first-child panel-last-child\" data-index=\"12\" ><div\n\t\t\t\n\t\t\tclass=\"so-widget-sow-image so-widget-sow-image-default-8b5b6f678277-20\"\n\t\t\t\n\t\t>\n<div class=\"sow-image-container\">\n\t\t<img \n\tsrc=\"https:\/\/www.tordas.de\/wp-content\/uploads\/2017\/03\/2011-Fr\u00fchjahr-TORDASmachtsichfein3.jpg\" width=\"600\" height=\"450\" srcset=\"https:\/\/www.tordas.de\/wp-content\/uploads\/2017\/03\/2011-Fr\u00fchjahr-TORDASmachtsichfein3.jpg 600w, https:\/\/www.tordas.de\/wp-content\/uploads\/2017\/03\/2011-Fr\u00fchjahr-TORDASmachtsichfein3-300x225.jpg 300w\" sizes=\"(max-width: 600px) 100vw, 600px\" title=\"Rettungsinsel\" alt=\"\" \t\tclass=\"so-widget-image\"\/>\n\t<\/div>\n\n<\/div><\/div><\/div><div id=\"pgc-20-4-3\"  class=\"panel-grid-cell\" ><div id=\"panel-20-4-3-0\" class=\"so-panel widget widget_sow-image panel-first-child panel-last-child\" data-index=\"13\" ><div\n\t\t\t\n\t\t\tclass=\"so-widget-sow-image so-widget-sow-image-default-8b5b6f678277-20\"\n\t\t\t\n\t\t>\n<div class=\"sow-image-container\">\n\t\t<img \n\tsrc=\"https:\/\/www.tordas.de\/wp-content\/uploads\/2017\/03\/DSCF1719.jpg\" width=\"600\" height=\"384\" srcset=\"https:\/\/www.tordas.de\/wp-content\/uploads\/2017\/03\/DSCF1719.jpg 600w, https:\/\/www.tordas.de\/wp-content\/uploads\/2017\/03\/DSCF1719-300x192.jpg 300w\" sizes=\"(max-width: 600px) 100vw, 600px\" alt=\"\" \t\tclass=\"so-widget-image\"\/>\n\t<\/div>\n\n<\/div><\/div><\/div><div id=\"pgc-20-4-4\"  class=\"panel-grid-cell\" ><div id=\"panel-20-4-4-0\" class=\"so-panel widget widget_sow-image panel-first-child panel-last-child\" data-index=\"14\" ><div\n\t\t\t\n\t\t\tclass=\"so-widget-sow-image so-widget-sow-image-default-8b5b6f678277-20\"\n\t\t\t\n\t\t>\n<div class=\"sow-image-container\">\n\t\t<img \n\tsrc=\"https:\/\/www.tordas.de\/wp-content\/uploads\/2017\/03\/P1100918.jpg\" width=\"600\" height=\"450\" srcset=\"https:\/\/www.tordas.de\/wp-content\/uploads\/2017\/03\/P1100918.jpg 600w, https:\/\/www.tordas.de\/wp-content\/uploads\/2017\/03\/P1100918-300x225.jpg 300w\" sizes=\"(max-width: 600px) 100vw, 600px\" alt=\"\" \t\tclass=\"so-widget-image\"\/>\n\t<\/div>\n\n<\/div><\/div><\/div><\/div><div id=\"pg-20-5\"  class=\"panel-grid panel-no-style\" ><div id=\"pgc-20-5-0\"  class=\"panel-grid-cell\" ><div id=\"panel-20-5-0-0\" class=\"so-panel widget widget_sow-image panel-first-child panel-last-child\" data-index=\"15\" ><div\n\t\t\t\n\t\t\tclass=\"so-widget-sow-image so-widget-sow-image-default-8b5b6f678277-20\"\n\t\t\t\n\t\t>\n<div class=\"sow-image-container\">\n\t\t\t<a href=\"http:\/\/www.tordas.de\/wp-content\/uploads\/2017\/03\/P1020884.jpg\"\n\t\t\t\t\t>\n\t\t\t<img \n\tsrc=\"https:\/\/www.tordas.de\/wp-content\/uploads\/2017\/03\/P1020884.jpg\" width=\"600\" height=\"450\" srcset=\"https:\/\/www.tordas.de\/wp-content\/uploads\/2017\/03\/P1020884.jpg 600w, https:\/\/www.tordas.de\/wp-content\/uploads\/2017\/03\/P1020884-300x225.jpg 300w\" sizes=\"(max-width: 600px) 100vw, 600px\" alt=\"\" \t\tclass=\"so-widget-image\"\/>\n\t\t\t<\/a><\/div>\n\n<\/div><\/div><\/div><div id=\"pgc-20-5-1\"  class=\"panel-grid-cell\" ><div id=\"panel-20-5-1-0\" class=\"so-panel widget widget_sow-image panel-first-child panel-last-child\" data-index=\"16\" ><div\n\t\t\t\n\t\t\tclass=\"so-widget-sow-image so-widget-sow-image-default-8b5b6f678277-20\"\n\t\t\t\n\t\t>\n<div class=\"sow-image-container\">\n\t\t\t<a href=\"http:\/\/www.tordas.de\/wp-content\/uploads\/2014\/09\/beinr1.jpg\"\n\t\t\t\t\t>\n\t\t\t<img \n\tsrc=\"https:\/\/www.tordas.de\/wp-content\/uploads\/2017\/03\/Ofen.jpg\" width=\"398\" height=\"600\" srcset=\"https:\/\/www.tordas.de\/wp-content\/uploads\/2017\/03\/Ofen.jpg 398w, https:\/\/www.tordas.de\/wp-content\/uploads\/2017\/03\/Ofen-199x300.jpg 199w\" sizes=\"(max-width: 398px) 100vw, 398px\" title=\"Kaminofen\" alt=\"\" \t\tclass=\"so-widget-image\"\/>\n\t\t\t<\/a><\/div>\n\n<\/div><\/div><\/div><div id=\"pgc-20-5-2\"  class=\"panel-grid-cell\" ><div id=\"panel-20-5-2-0\" class=\"so-panel widget widget_sow-image panel-first-child panel-last-child\" data-index=\"17\" ><div\n\t\t\t\n\t\t\tclass=\"so-widget-sow-image so-widget-sow-image-default-8b5b6f678277-20\"\n\t\t\t\n\t\t>\n<div class=\"sow-image-container\">\n\t\t\t<a href=\"http:\/\/www.tordas.de\/wp-content\/uploads\/2017\/03\/PICT4717.jpg\"\n\t\t\t\t\t>\n\t\t\t<img \n\tsrc=\"https:\/\/www.tordas.de\/wp-content\/uploads\/2017\/03\/PICT4717.jpg\" width=\"600\" height=\"398\" srcset=\"https:\/\/www.tordas.de\/wp-content\/uploads\/2017\/03\/PICT4717.jpg 600w, https:\/\/www.tordas.de\/wp-content\/uploads\/2017\/03\/PICT4717-300x199.jpg 300w\" sizes=\"(max-width: 600px) 100vw, 600px\" title=\"Pantry\" alt=\"\" \t\tclass=\"so-widget-image\"\/>\n\t\t\t<\/a><\/div>\n\n<\/div><\/div><\/div><div id=\"pgc-20-5-3\"  class=\"panel-grid-cell\" ><div id=\"panel-20-5-3-0\" class=\"so-panel widget widget_sow-image panel-first-child panel-last-child\" data-index=\"18\" ><div\n\t\t\t\n\t\t\tclass=\"so-widget-sow-image so-widget-sow-image-default-8b5b6f678277-20\"\n\t\t\t\n\t\t>\n<div class=\"sow-image-container\">\n\t\t\t<a href=\"http:\/\/www.tordas.de\/wp-content\/uploads\/2017\/03\/PICT4840.jpg\"\n\t\t\t\t\t>\n\t\t\t<img \n\tsrc=\"https:\/\/www.tordas.de\/wp-content\/uploads\/2017\/03\/PICT4840.jpg\" width=\"600\" height=\"398\" srcset=\"https:\/\/www.tordas.de\/wp-content\/uploads\/2017\/03\/PICT4840.jpg 600w, https:\/\/www.tordas.de\/wp-content\/uploads\/2017\/03\/PICT4840-300x199.jpg 300w\" sizes=\"(max-width: 600px) 100vw, 600px\" title=\"Sitzecke oben\" alt=\"\" \t\tclass=\"so-widget-image\"\/>\n\t\t\t<\/a><\/div>\n\n<\/div><\/div><\/div><div id=\"pgc-20-5-4\"  class=\"panel-grid-cell\" ><div id=\"panel-20-5-4-0\" class=\"so-panel widget widget_sow-image panel-first-child panel-last-child\" data-index=\"19\" ><div\n\t\t\t\n\t\t\tclass=\"so-widget-sow-image so-widget-sow-image-default-8b5b6f678277-20\"\n\t\t\t\n\t\t>\n<div class=\"sow-image-container\">\n\t\t<img \n\tsrc=\"https:\/\/www.tordas.de\/wp-content\/uploads\/2017\/03\/PICT4783.jpg\" width=\"600\" height=\"398\" srcset=\"https:\/\/www.tordas.de\/wp-content\/uploads\/2017\/03\/PICT4783.jpg 600w, https:\/\/www.tordas.de\/wp-content\/uploads\/2017\/03\/PICT4783-300x199.jpg 300w\" sizes=\"(max-width: 600px) 100vw, 600px\" title=\"Bad\" alt=\"\" \t\tclass=\"so-widget-image\"\/>\n\t<\/div>\n\n<\/div><\/div><\/div><\/div><div id=\"pg-20-6\"  class=\"panel-grid panel-no-style\" ><div id=\"pgc-20-6-0\"  class=\"panel-grid-cell\" ><div id=\"panel-20-6-0-0\" class=\"so-panel widget widget_black-studio-tinymce widget_black_studio_tinymce panel-first-child panel-last-child\" data-index=\"20\" ><div class=\"textwidget\"><ul>\n \t<li>Vier unabh\u00e4ngige Lenzsysteme, Windgenerator 24 V<\/li>\n \t<li>Alle Segel von der <a href=\"http:\/\/www.segelwerkstatt-stade.de\/startseite\"><strong>Segelwerkstatt Stade<\/strong><\/a>, Kl\u00fcver, Genua, Fock, Gro\u00df und Besan<\/li>\n \t<li>Dieselzentralheizung und Kaminofen mit Fenster, Bordbibliothek, Vierflammenherd, K\u00fchlschrank, Dusche, Warmwasserboiler usw.<\/li>\n \t<li>Schlauchboot 15PS, Tauchausr\u00fcstung, Outdoorausr\u00fcstung f\u00fcr Landexpeditionen.<\/li>\n \t<li>Schiffsapotheke und Rettungsinsel.<\/li>\n \t<li>Dreifach UKW-Funkausr\u00fcstung, UKW-Handy, Kurz-Grenzwellen Funkanlage, AIS, EPIRB, SART, NAVTEX, Wetterkartenempf\u00e4nger.<\/li>\n \t<li>Bordcomputer, Autopilot, Barograph, Sextant, zwei GPS, RADAR, Fishfinder, div. Ferngl\u00e4ser, Steuer-, Reserve- und Handpeilkompanten.<\/li>\n \t<li>Zwei Loggen, Lot, Seehandb\u00fccher, Karten, Pilotcharts, Handb\u00fccher f\u00fcr Br\u00fccke und Kartenhaus, Sight-Reduction Tables.<\/li>\n \t<li>2 B\u00fcgelanker 52Kg + 30Kg, Klippanker 60Kg, 100 m Ankerkette 13 mm, Doppelspill - Ankerwinsch, usw.<\/li>\n<\/ul><\/div><\/div><\/div><\/div><div id=\"pg-20-7\"  class=\"panel-grid panel-no-style\" ><div id=\"pgc-20-7-0\"  class=\"panel-grid-cell\" ><div id=\"panel-20-7-0-0\" class=\"so-panel widget widget_sow-editor panel-first-child panel-last-child\" data-index=\"21\" ><div\n\t\t\t\n\t\t\tclass=\"so-widget-sow-editor so-widget-sow-editor-base\"\n\t\t\t\n\t\t><h3 class=\"widget-title\">was ich mitnehme<\/h3>\n<div class=\"siteorigin-widget-tinymce textwidget\">\n\t<p>Obwohl zur Sicherheitsausr\u00fcstung der Tordas sogar \u00dcberlebensanz\u00fcge geh\u00f6ren, ist es f\u00fcr jeden notwendig f\u00fcr die richtige Kleidung selbst zu sorgen.<\/p>\n<p>Dazu geh\u00f6ren:<\/p>\n<ul>\n<li>Gummistiefel, festes warmes Schuhwerk und Bootsschuhe.<\/li>\n<li>Funktionskleidung f\u00fcr winterliche Temperaturen zum wechseln, falls eine Garnitur nass wird, aber auch Badehose und Sonnencreme. An Land kann es durchaus hochsommerlich sein.<\/li>\n<li>\u00d6lzeug, Handschuhe und M\u00fctze am besten mit Windstopper.<\/li>\n<li>Schlafsack, Leintuch, Handtuch und Waschzeug.<\/li>\n<li>Mindestens drei Monate g\u00fcltiger Ausweis, Auslandskrankenversicherung, Medikamente, (Brille? Seekrankheit???), Bargeld f\u00fcr die Bordkasse und ein gutes Buch.<\/li>\n<\/ul>\n<\/div>\n<\/div><\/div><\/div><\/div><div id=\"pg-20-8\"  class=\"panel-grid panel-no-style\" ><div id=\"pgc-20-8-0\"  class=\"panel-grid-cell\" ><div id=\"panel-20-8-0-0\" class=\"so-panel widget widget_sow-button panel-first-child panel-last-child\" data-index=\"22\" ><div\n\t\t\t\n\t\t\tclass=\"so-widget-sow-button so-widget-sow-button-wire-606b0b450c78-20\"\n\t\t\t\n\t\t><div class=\"ow-button-base ow-button-align-center\"\n>\n\t\t\t<a\n\t\t\t\t\thref=\"\/team\"\n\t\t\t\t\tclass=\"sowb-button ow-icon-placement-left ow-button-hover\" \t>\n\t\t<span>\n\t\t\t<span class=\"sow-icon-fontawesome sow-fas\" data-sow-icon=\"&#xf0c0;\"\n\t\tstyle=\"\" \n\t\taria-hidden=\"true\"><\/span>\n\t\t\tLernt uns kennen\t\t<\/span>\n\t\t\t<\/a>\n\t<\/div>\n<\/div><\/div><\/div><div id=\"pgc-20-8-1\"  class=\"panel-grid-cell\" ><div id=\"panel-20-8-1-0\" class=\"so-panel widget widget_sow-button panel-first-child panel-last-child\" data-index=\"23\" ><div\n\t\t\t\n\t\t\tclass=\"so-widget-sow-button so-widget-sow-button-wire-606b0b450c78-20\"\n\t\t\t\n\t\t><div class=\"ow-button-base ow-button-align-center\"\n>\n\t\t\t<a\n\t\t\t\t\thref=\"\/team\"\n\t\t\t\t\tclass=\"sowb-button ow-icon-placement-left ow-button-hover\" \t>\n\t\t<span>\n\t\t\t<span class=\"sow-icon-fontawesome sow-far\" data-sow-icon=\"&#xf2bb;\"\n\t\tstyle=\"\" \n\t\taria-hidden=\"true\"><\/span>\n\t\t\tKontakt\t\t<\/span>\n\t\t\t<\/a>\n\t<\/div>\n<\/div><\/div><\/div><\/div><\/div>","protected":false},"excerpt":{"rendered":"<p>Tordas ist mit Vorliebe in den nordischen Revieren unterwegs. Nord Atlantic, Nordsee, Kanal, an den K\u00fcsten Norwegens, Spitzbergen, Lofoten, Schweden, Schottland, Orkney, Shetland, Hebriden, Irland, Bretagne sind Regionen in denen man uns begegnet&#8230;.aber wir brechen auch immer mal auf zu neuen Ufern&#8230;.. \u00a0 Wir segeln seit 25 Jahren erfolgreich ohne Antifouling! Tordas ist f\u00fcr sein &#8230;<\/p>\n","protected":false},"author":1,"featured_media":49,"parent":0,"menu_order":0,"comment_status":"open","ping_status":"open","template":"","meta":{"footnotes":""},"class_list":["post-20","page","type-page","status-publish","has-post-thumbnail","hentry"],"aioseo_notices":[],"_links":{"self":[{"href":"https:\/\/www.tordas.de\/index.php?rest_route=\/wp\/v2\/pages\/20","targetHints":{"allow":["GET"]}}],"collection":[{"href":"https:\/\/www.tordas.de\/index.php?rest_route=\/wp\/v2\/pages"}],"about":[{"href":"https:\/\/www.tordas.de\/index.php?rest_route=\/wp\/v2\/types\/page"}],"author":[{"embeddable":true,"href":"https:\/\/www.tordas.de\/index.php?rest_route=\/wp\/v2\/users\/1"}],"replies":[{"embeddable":true,"href":"https:\/\/www.tordas.de\/index.php?rest_route=%2Fwp%2Fv2%2Fcomments&post=20"}],"version-history":[{"count":44,"href":"https:\/\/www.tordas.de\/index.php?rest_route=\/wp\/v2\/pages\/20\/revisions"}],"predecessor-version":[{"id":1463,"href":"https:\/\/www.tordas.de\/index.php?rest_route=\/wp\/v2\/pages\/20\/revisions\/1463"}],"wp:featuredmedia":[{"embeddable":true,"href":"https:\/\/www.tordas.de\/index.php?rest_route=\/wp\/v2\/media\/49"}],"wp:attachment":[{"href":"https:\/\/www.tordas.de\/index.php?rest_route=%2Fwp%2Fv2%2Fmedia&parent=20"}],"curies":[{"name":"wp","href":"https:\/\/api.w.org\/{rel}","templated":true}]}}