{"id":122,"date":"2016-04-20T11:14:50","date_gmt":"2016-04-20T09:14:50","guid":{"rendered":"http:\/\/www.tordas.de\/?page_id=122"},"modified":"2023-12-17T22:31:32","modified_gmt":"2023-12-17T20:31:32","slug":"multimedia","status":"publish","type":"page","link":"https:\/\/www.tordas.de\/?page_id=122","title":{"rendered":"Multimedia"},"content":{"rendered":"<div id=\"pl-122\"  class=\"panel-layout\" ><div id=\"pg-122-0\"  class=\"panel-grid panel-no-style\" ><div id=\"pgc-122-0-0\"  class=\"panel-grid-cell\" ><div id=\"panel-122-0-0-0\" class=\"so-panel widget widget_sow-layout-slider panel-first-child panel-last-child\" data-index=\"0\" ><div\n\t\t\t\n\t\t\tclass=\"so-widget-sow-layout-slider so-widget-sow-layout-slider-default-0f8883b7a2b7-122\"\n\t\t\t\n\t\t>\t\t\t\t<div class=\"sow-slider-base\" style=\"display: none\" tabindex=\"0\">\n\t\t\t\t\t<ul\n\t\t\t\t\tclass=\"sow-slider-images\"\n\t\t\t\t\tdata-settings=\"{&quot;pagination&quot;:true,&quot;speed&quot;:800,&quot;timeout&quot;:8000,&quot;paused&quot;:false,&quot;pause_on_hover&quot;:false,&quot;swipe&quot;:true,&quot;nav_always_show_desktop&quot;:&quot;&quot;,&quot;nav_always_show_mobile&quot;:&quot;&quot;,&quot;breakpoint&quot;:&quot;780px&quot;,&quot;unmute&quot;:false,&quot;anchor&quot;:null}\"\n\t\t\t\t\tstyle=\"min-height: 750px\"\t\t\t\t\tdata-anchor-id=\"\"\n\t\t\t\t>\t\t<li class=\"sow-slider-image  sow-slider-image-cover\" style=\"visibility: visible;;background-color: #333333;background-image: url(https:\/\/www.tordas.de\/wp-content\/uploads\/2018\/02\/DSC00735.jpg)\" >\n\t\t\t\t\t<div class=\"sow-slider-image-container\">\n\t\t\t<div class=\"sow-slider-image-wrapper\">\n\t\t\t\t<div id=\"pl-wd4f55c2e\"  class=\"panel-layout\" ><div id=\"pg-wd4f55c2e-0\"  class=\"panel-grid panel-no-style\" ><div id=\"pgc-wd4f55c2e-0-0\"  class=\"panel-grid-cell\" ><div id=\"panel-wd4f55c2e-0-0-0\" class=\"so-panel widget widget_sow-editor panel-first-child panel-last-child\" data-index=\"0\" ><div\n\t\t\t\n\t\t\tclass=\"so-widget-sow-editor so-widget-sow-editor-base\"\n\t\t\t\n\t\t>\n<div class=\"siteorigin-widget-tinymce textwidget\">\n\t<p style=\"text-align: right;\">Zauberwald<\/p>\n<\/div>\n<\/div><\/div><\/div><\/div><\/div>\t\t\t<\/div>\n\t\t<\/div>\n\t\t\t\t<\/li>\n\t\t\t\t<li class=\"sow-slider-image  sow-slider-image-cover\" style=\"visibility: hidden;;background-color: #333333\" data-background=\"url(https:\/\/www.tordas.de\/wp-content\/uploads\/2023\/12\/Toern2023-WildeInselOuessant.jpeg)\" >\n\t\t\t\t\t<div class=\"sow-slider-image-container\">\n\t\t\t<div class=\"sow-slider-image-wrapper\">\n\t\t\t\t<div id=\"pl-w0d005850\"  class=\"panel-layout\" ><div id=\"pg-w0d005850-0\"  class=\"panel-grid panel-no-style\" ><div id=\"pgc-w0d005850-0-0\"  class=\"panel-grid-cell\" ><div id=\"panel-w0d005850-0-0-0\" class=\"so-panel widget widget_text panel-first-child panel-last-child\" data-index=\"0\" ><div class=\"panel-widget-style panel-widget-style-for-w0d005850-0-0-0\" >\t\t\t<div class=\"textwidget\"><p>Tordas liegt vor der \u00cele Mol\u00e8ne<\/p>\n<\/div>\n\t\t<\/div><\/div><\/div><\/div><\/div>\t\t\t<\/div>\n\t\t<\/div>\n\t\t\t\t<\/li>\n\t\t\t\t<li class=\"sow-slider-image  sow-slider-image-cover\" style=\"visibility: hidden;;background-color: #333333\" data-background=\"url(https:\/\/www.tordas.de\/wp-content\/uploads\/2018\/01\/20180117_PointeduRaz-DSC00687.jpg)\" >\n\t\t\t\t\t<div class=\"sow-slider-image-container\">\n\t\t\t<div class=\"sow-slider-image-wrapper\">\n\t\t\t\t<div id=\"pl-w47af6f8e\"  class=\"panel-layout\" ><div id=\"pg-w47af6f8e-0\"  class=\"panel-grid panel-no-style\" ><div id=\"pgc-w47af6f8e-0-0\"  class=\"panel-grid-cell\" ><div id=\"panel-w47af6f8e-0-0-0\" class=\"so-panel widget widget_text panel-first-child panel-last-child\" data-index=\"0\" >\t\t\t<div class=\"textwidget\"><p>Pointe du Raz<\/p>\n<\/div>\n\t\t<\/div><\/div><\/div><\/div>\t\t\t<\/div>\n\t\t<\/div>\n\t\t\t\t<\/li>\n\t\t\t\t<li class=\"sow-slider-image  sow-slider-image-cover\" style=\"visibility: hidden;;background-color: #333333\" data-background=\"url(https:\/\/www.tordas.de\/wp-content\/uploads\/2017\/03\/Fraterculaarctica_EKoerner.jpg)\" >\n\t\t\t\t\t<div class=\"sow-slider-image-container\">\n\t\t\t<div class=\"sow-slider-image-wrapper\">\n\t\t\t\t<div id=\"pl-w8facdf31\"  class=\"panel-layout\" ><div id=\"pg-w8facdf31-0\"  class=\"panel-grid panel-no-style\" ><div id=\"pgc-w8facdf31-0-0\"  class=\"panel-grid-cell\" ><div id=\"panel-w8facdf31-0-0-0\" class=\"so-panel widget widget_text panel-first-child panel-last-child\" data-index=\"0\" >\t\t\t<div class=\"textwidget\"><p>Papageitaucher auf Fair Isle<\/p>\n<\/div>\n\t\t<\/div><\/div><\/div><\/div>\t\t\t<\/div>\n\t\t<\/div>\n\t\t\t\t<\/li>\n\t\t\t\t<li class=\"sow-slider-image  sow-slider-image-cover\" style=\"visibility: hidden;;background-color: #333333\" data-background=\"url(https:\/\/www.tordas.de\/wp-content\/uploads\/2017\/03\/PICT2727.jpg)\" >\n\t\t\t\t\t<div class=\"sow-slider-image-container\">\n\t\t\t<div class=\"sow-slider-image-wrapper\">\n\t\t\t\t<div id=\"pl-w8519d3a4\"  class=\"panel-layout\" ><div id=\"pg-w8519d3a4-0\"  class=\"panel-grid panel-no-style\" ><div id=\"pgc-w8519d3a4-0-0\"  class=\"panel-grid-cell\" ><div id=\"panel-w8519d3a4-0-0-0\" class=\"so-panel widget widget_text panel-first-child panel-last-child\" data-index=\"0\" >\t\t\t<div class=\"textwidget\"><p>Spitzbergen im Packeis<\/p>\n<\/div>\n\t\t<\/div><\/div><\/div><\/div>\t\t\t<\/div>\n\t\t<\/div>\n\t\t\t\t<\/li>\n\t\t\t\t<li class=\"sow-slider-image  sow-slider-image-cover\" style=\"visibility: hidden;;background-color: #333333\" data-background=\"url(https:\/\/www.tordas.de\/wp-content\/uploads\/2017\/03\/1036-1.jpg)\" >\n\t\t\t\t\t<div class=\"sow-slider-image-container\">\n\t\t\t<div class=\"sow-slider-image-wrapper\">\n\t\t\t\t<div id=\"pl-w970d0400\"  class=\"panel-layout\" ><div id=\"pg-w970d0400-0\"  class=\"panel-grid panel-no-style\" ><div id=\"pgc-w970d0400-0-0\"  class=\"panel-grid-cell\" ><div id=\"panel-w970d0400-0-0-0\" class=\"so-panel widget widget_text panel-first-child panel-last-child\" data-index=\"0\" >\t\t\t<div class=\"textwidget\"><p>B\u00e4reninsel<\/p>\n<\/div>\n\t\t<\/div><\/div><\/div><\/div>\t\t\t<\/div>\n\t\t<\/div>\n\t\t\t\t<\/li>\n\t\t\t\t<li class=\"sow-slider-image  sow-slider-image-cover\" style=\"visibility: hidden;;background-color: #333333\" data-background=\"url(https:\/\/www.tordas.de\/wp-content\/uploads\/2014\/09\/DSCF1385.jpg)\" >\n\t\t\t\t\t<div class=\"sow-slider-image-container\">\n\t\t\t<div class=\"sow-slider-image-wrapper\">\n\t\t\t\t<div id=\"pl-w138956f5\"  class=\"panel-layout\" ><div id=\"pg-w138956f5-0\"  class=\"panel-grid panel-no-style\" ><div id=\"pgc-w138956f5-0-0\"  class=\"panel-grid-cell\" ><div id=\"panel-w138956f5-0-0-0\" class=\"so-panel widget widget_sow-editor panel-first-child panel-last-child\" data-index=\"0\" ><div\n\t\t\t\n\t\t\tclass=\"so-widget-sow-editor so-widget-sow-editor-base\"\n\t\t\t\n\t\t>\n<div class=\"siteorigin-widget-tinymce textwidget\">\n\t<p><span style=\"color: #333333;\"><strong>Die Crew<\/strong><\/span><\/p>\n<\/div>\n<\/div><\/div><\/div><\/div><\/div>\t\t\t<\/div>\n\t\t<\/div>\n\t\t\t\t<\/li>\n\t\t\t\t<li class=\"sow-slider-image  sow-slider-image-cover\" style=\"visibility: hidden;;background-color: #333333\" data-background=\"url(https:\/\/www.tordas.de\/wp-content\/uploads\/2017\/03\/PICT1233.jpg)\" >\n\t\t\t\t\t<div class=\"sow-slider-image-container\">\n\t\t\t<div class=\"sow-slider-image-wrapper\">\n\t\t\t\t<div id=\"pl-wf4dc9423\"  class=\"panel-layout\" ><div id=\"pg-wf4dc9423-0\"  class=\"panel-grid panel-no-style\" ><div id=\"pgc-wf4dc9423-0-0\"  class=\"panel-grid-cell\" ><div id=\"panel-wf4dc9423-0-0-0\" class=\"so-panel widget widget_sow-editor panel-first-child panel-last-child\" data-index=\"0\" ><div\n\t\t\t\n\t\t\tclass=\"so-widget-sow-editor so-widget-sow-editor-base\"\n\t\t\t\n\t\t>\n<div class=\"siteorigin-widget-tinymce textwidget\">\n\t<p><span style=\"color: #000000;\">Urquhart Castle,\u00a0Loch Ness<\/span><\/p>\n<\/div>\n<\/div><\/div><\/div><\/div><\/div>\t\t\t<\/div>\n\t\t<\/div>\n\t\t\t\t<\/li>\n\t\t\t\t<li class=\"sow-slider-image  sow-slider-image-cover\" style=\"visibility: hidden;;background-color: #333333\" data-background=\"url(https:\/\/www.tordas.de\/wp-content\/uploads\/2017\/03\/PICT0045.jpg)\" >\n\t\t\t\t\t<div class=\"sow-slider-image-container\">\n\t\t\t<div class=\"sow-slider-image-wrapper\">\n\t\t\t\t<div id=\"pl-wbfd93899\"  class=\"panel-layout\" ><div id=\"pg-wbfd93899-0\"  class=\"panel-grid panel-no-style\" ><div id=\"pgc-wbfd93899-0-0\"  class=\"panel-grid-cell\" ><div id=\"panel-wbfd93899-0-0-0\" class=\"so-panel widget widget_text panel-first-child panel-last-child\" data-index=\"0\" >\t\t\t<div class=\"textwidget\"><p>Arktische Inseln mit beschr\u00e4nkter Haltbarkeit<\/p>\n<\/div>\n\t\t<\/div><\/div><\/div><\/div>\t\t\t<\/div>\n\t\t<\/div>\n\t\t\t\t<\/li>\n\t\t\t\t<li class=\"sow-slider-image  sow-slider-image-cover\" style=\"visibility: hidden;;background-color: #333333\" data-background=\"url(https:\/\/www.tordas.de\/wp-content\/uploads\/2023\/12\/Toern2023-Tordassegeltabendlicht.jpeg)\" >\n\t\t\t\t\t<div class=\"sow-slider-image-container\">\n\t\t\t<div class=\"sow-slider-image-wrapper\">\n\t\t\t\t<div id=\"pl-w13eee17e\"  class=\"panel-layout\" ><div id=\"pg-w13eee17e-0\"  class=\"panel-grid panel-no-style\" ><div id=\"pgc-w13eee17e-0-0\"  class=\"panel-grid-cell\" ><div id=\"panel-w13eee17e-0-0-0\" class=\"so-panel widget widget_sow-editor panel-first-child panel-last-child\" data-index=\"0\" ><div\n\t\t\t\n\t\t\tclass=\"so-widget-sow-editor so-widget-sow-editor-base\"\n\t\t\t\n\t\t>\n<div class=\"siteorigin-widget-tinymce textwidget\">\n\t<p style=\"text-align: right;\">In Fahrt auf dem Englischen Kanal<\/p>\n<\/div>\n<\/div><\/div><\/div><\/div><\/div>\t\t\t<\/div>\n\t\t<\/div>\n\t\t\t\t<\/li>\n\t\t\t\t<li class=\"sow-slider-image  sow-slider-image-cover\" style=\"visibility: hidden;;background-color: #333333\" data-background=\"url(https:\/\/www.tordas.de\/wp-content\/uploads\/2017\/03\/P1020902.jpg)\" >\n\t\t\t\t\t<div class=\"sow-slider-image-container\">\n\t\t\t<div class=\"sow-slider-image-wrapper\">\n\t\t\t\t<div id=\"pl-wdfccd6d5\"  class=\"panel-layout\" ><div id=\"pg-wdfccd6d5-0\"  class=\"panel-grid panel-no-style\" ><div id=\"pgc-wdfccd6d5-0-0\"  class=\"panel-grid-cell\" ><div id=\"panel-wdfccd6d5-0-0-0\" class=\"so-panel widget widget_sow-editor panel-first-child panel-last-child\" data-index=\"0\" ><div\n\t\t\t\n\t\t\tclass=\"so-widget-sow-editor so-widget-sow-editor-base\"\n\t\t\t\n\t\t>\n<div class=\"siteorigin-widget-tinymce textwidget\">\n\t<p>Vollzeug auf der Kurischen Nehrung<\/p>\n<\/div>\n<\/div><\/div><\/div><\/div><\/div>\t\t\t<\/div>\n\t\t<\/div>\n\t\t\t\t<\/li>\n\t\t\t\t<li class=\"sow-slider-image  sow-slider-image-cover\" style=\"visibility: hidden;;background-color: #333333\" data-background=\"url(https:\/\/www.tordas.de\/wp-content\/uploads\/2021\/12\/DSC03166.jpg)\" >\n\t\t\t\t\t<div class=\"sow-slider-image-container\">\n\t\t\t<div class=\"sow-slider-image-wrapper\">\n\t\t\t\t<div id=\"pl-w76371874\"  class=\"panel-layout\" ><div id=\"pg-w76371874-0\"  class=\"panel-grid panel-no-style\" ><div id=\"pgc-w76371874-0-0\"  class=\"panel-grid-cell\" ><div id=\"panel-w76371874-0-0-0\" class=\"so-panel widget widget_sow-editor panel-first-child panel-last-child\" data-index=\"0\" ><div\n\t\t\t\n\t\t\tclass=\"so-widget-sow-editor so-widget-sow-editor-base\"\n\t\t\t\n\t\t>\n<div class=\"siteorigin-widget-tinymce textwidget\">\n\t<p style=\"text-align: right;\">Richtig vorbereitet f\u00fcr den Landgang in Norwegen<\/p>\n<\/div>\n<\/div><\/div><\/div><\/div><\/div>\t\t\t<\/div>\n\t\t<\/div>\n\t\t\t\t<\/li>\n\t\t\t\t<li class=\"sow-slider-image  sow-slider-image-cover\" style=\"visibility: hidden;;background-color: #333333\" data-background=\"url(https:\/\/www.tordas.de\/wp-content\/uploads\/2014\/09\/PICT0146-e1411588419412.jpg)\" >\n\t\t\t\t\t<div class=\"sow-slider-image-container\">\n\t\t\t<div class=\"sow-slider-image-wrapper\">\n\t\t\t\t<div id=\"pl-w8fd9971a\"  class=\"panel-layout\" ><div id=\"pg-w8fd9971a-0\"  class=\"panel-grid panel-no-style\" ><div id=\"pgc-w8fd9971a-0-0\"  class=\"panel-grid-cell\" ><div id=\"panel-w8fd9971a-0-0-0\" class=\"so-panel widget widget_sow-editor panel-first-child panel-last-child\" data-index=\"0\" ><div\n\t\t\t\n\t\t\tclass=\"so-widget-sow-editor so-widget-sow-editor-base\"\n\t\t\t\n\t\t>\n<div class=\"siteorigin-widget-tinymce textwidget\">\n\t<p><span style=\"color: #000000;\">Spitzbergen<\/span><\/p>\n<\/div>\n<\/div><\/div><\/div><\/div><\/div>\t\t\t<\/div>\n\t\t<\/div>\n\t\t\t\t<\/li>\n\t\t\t\t<li class=\"sow-slider-image  sow-slider-image-cover\" style=\"visibility: hidden;;background-color: #333333\" data-background=\"url(https:\/\/www.tordas.de\/wp-content\/uploads\/2023\/12\/Toern2023-EisbergkuschelnamAnleger.jpeg)\" >\n\t\t\t\t\t<div class=\"sow-slider-image-container\">\n\t\t\t<div class=\"sow-slider-image-wrapper\">\n\t\t\t\t<div id=\"pl-w3ca4c913\"  class=\"panel-layout\" ><div id=\"pg-w3ca4c913-0\"  class=\"panel-grid panel-no-style\" ><div id=\"pgc-w3ca4c913-0-0\"  class=\"panel-grid-cell\" ><div id=\"panel-w3ca4c913-0-0-0\" class=\"so-panel widget widget_sow-editor panel-first-child panel-last-child\" data-index=\"0\" ><div\n\t\t\t\n\t\t\tclass=\"so-widget-sow-editor so-widget-sow-editor-base\"\n\t\t\t\n\t\t>\n<div class=\"siteorigin-widget-tinymce textwidget\">\n\t<p style=\"text-align: right;\"><span style=\"color: #ffffff;\">Trockenfallen, \u00cele de Br\u00e9hat<\/span><\/p>\n<\/div>\n<\/div><\/div><\/div><\/div><\/div>\t\t\t<\/div>\n\t\t<\/div>\n\t\t\t\t<\/li>\n\t\t\t\t<li class=\"sow-slider-image  sow-slider-image-cover\" style=\"visibility: hidden;;background-color: #333333\" data-background=\"url(https:\/\/www.tordas.de\/wp-content\/uploads\/2017\/03\/DSCF1494.jpg)\" >\n\t\t\t\t\t<div class=\"sow-slider-image-container\">\n\t\t\t<div class=\"sow-slider-image-wrapper\">\n\t\t\t\t<div id=\"pl-w044a85f9\"  class=\"panel-layout\" ><div id=\"pg-w044a85f9-0\"  class=\"panel-grid panel-no-style\" ><div id=\"pgc-w044a85f9-0-0\"  class=\"panel-grid-cell\" ><div id=\"panel-w044a85f9-0-0-0\" class=\"so-panel widget widget_sow-editor panel-first-child panel-last-child\" data-index=\"0\" ><div\n\t\t\t\n\t\t\tclass=\"so-widget-sow-editor so-widget-sow-editor-base\"\n\t\t\t\n\t\t>\n<div class=\"siteorigin-widget-tinymce textwidget\">\n\t<p><span style=\"color: #ffffff;\">Sch\u00e4rengarten<\/span><\/p>\n<\/div>\n<\/div><\/div><\/div><\/div><\/div>\t\t\t<\/div>\n\t\t<\/div>\n\t\t\t\t<\/li>\n\t\t\t\t<li class=\"sow-slider-image  sow-slider-image-cover\" style=\"visibility: hidden;;background-color: #333333\" data-background=\"url(https:\/\/www.tordas.de\/wp-content\/uploads\/2020\/08\/DSC01885-AP.jpg)\" >\n\t\t\t\t\t<div class=\"sow-slider-image-container\">\n\t\t\t<div class=\"sow-slider-image-wrapper\">\n\t\t\t\t<div id=\"pl-w08427c1c\"  class=\"panel-layout\" ><div id=\"pg-w08427c1c-0\"  class=\"panel-grid panel-no-style\" ><div id=\"pgc-w08427c1c-0-0\"  class=\"panel-grid-cell\" ><div id=\"panel-w08427c1c-0-0-0\" class=\"so-panel widget widget_text panel-first-child panel-last-child\" data-index=\"0\" >\t\t\t<div class=\"textwidget\"><p>Leichtwindsegeln<\/p>\n<\/div>\n\t\t<\/div><\/div><\/div><\/div>\t\t\t<\/div>\n\t\t<\/div>\n\t\t\t\t<\/li>\n\t\t\t\t<li class=\"sow-slider-image  sow-slider-image-cover\" style=\"visibility: hidden;;background-color: #333333\" data-background=\"url(https:\/\/www.tordas.de\/wp-content\/uploads\/2017\/03\/P1020888-1.jpg)\" >\n\t\t\t\t\t<div class=\"sow-slider-image-container\">\n\t\t\t<div class=\"sow-slider-image-wrapper\">\n\t\t\t\t<div id=\"pl-wc67d00d4\"  class=\"panel-layout\" ><div id=\"pg-wc67d00d4-0\"  class=\"panel-grid panel-no-style\" ><div id=\"pgc-wc67d00d4-0-0\"  class=\"panel-grid-cell\" ><div id=\"panel-wc67d00d4-0-0-0\" class=\"so-panel widget widget_text panel-first-child panel-last-child\" data-index=\"0\" >\t\t\t<div class=\"textwidget\"><p>Schietwetter draussen<\/p>\n<\/div>\n\t\t<\/div><\/div><\/div><\/div>\t\t\t<\/div>\n\t\t<\/div>\n\t\t\t\t<\/li>\n\t\t\t\t<li class=\"sow-slider-image  sow-slider-image-cover\" style=\"visibility: hidden;;background-color: #333333\" data-background=\"url(https:\/\/www.tordas.de\/wp-content\/uploads\/2019\/09\/DSCF4645web.jpg)\" >\n\t\t\t\t\t<div class=\"sow-slider-image-container\">\n\t\t\t<div class=\"sow-slider-image-wrapper\">\n\t\t\t\t<div id=\"pl-wdabece68\"  class=\"panel-layout\" ><div id=\"pg-wdabece68-0\"  class=\"panel-grid panel-no-style\" ><div id=\"pgc-wdabece68-0-0\"  class=\"panel-grid-cell\" ><div id=\"panel-wdabece68-0-0-0\" class=\"so-panel widget widget_text panel-first-child panel-last-child\" data-index=\"0\" >\t\t\t<div class=\"textwidget\"><p>Basalts\u00e4ulen, Giant\u00b4s Causeway, Nordirland<\/p>\n<\/div>\n\t\t<\/div><\/div><\/div><\/div>\t\t\t<\/div>\n\t\t<\/div>\n\t\t\t\t<\/li>\n\t\t\t\t<li class=\"sow-slider-image  sow-slider-image-cover\" style=\"visibility: hidden;;background-color: #333333\" data-background=\"url(https:\/\/www.tordas.de\/wp-content\/uploads\/2020\/12\/DSCF7575.jpg)\" >\n\t\t\t\t\t<div class=\"sow-slider-image-container\">\n\t\t\t<div class=\"sow-slider-image-wrapper\">\n\t\t\t\t<div id=\"pl-w18d6c5cf\"  class=\"panel-layout\" ><div id=\"pg-w18d6c5cf-0\"  class=\"panel-grid panel-no-style\" ><div id=\"pgc-w18d6c5cf-0-0\"  class=\"panel-grid-cell\" ><div id=\"panel-w18d6c5cf-0-0-0\" class=\"so-panel widget widget_text panel-first-child panel-last-child\" data-index=\"0\" >\t\t\t<div class=\"textwidget\"><p>Rosa Granitk\u00fcste<\/p>\n<\/div>\n\t\t<\/div><\/div><\/div><\/div>\t\t\t<\/div>\n\t\t<\/div>\n\t\t\t\t<\/li>\n\t\t<\/ul>\t\t\t\t<ol class=\"sow-slider-pagination\">\n\t\t\t\t\t\t\t\t\t\t\t<li><a href=\"#\" data-goto=\"0\" aria-label=\"Display slide 1\"><\/a><\/li>\n\t\t\t\t\t\t\t\t\t\t\t<li><a href=\"#\" data-goto=\"1\" aria-label=\"Display slide 2\"><\/a><\/li>\n\t\t\t\t\t\t\t\t\t\t\t<li><a href=\"#\" data-goto=\"2\" aria-label=\"Display slide 3\"><\/a><\/li>\n\t\t\t\t\t\t\t\t\t\t\t<li><a href=\"#\" data-goto=\"3\" aria-label=\"Display slide 4\"><\/a><\/li>\n\t\t\t\t\t\t\t\t\t\t\t<li><a href=\"#\" data-goto=\"4\" aria-label=\"Display slide 5\"><\/a><\/li>\n\t\t\t\t\t\t\t\t\t\t\t<li><a href=\"#\" data-goto=\"5\" aria-label=\"Display slide 6\"><\/a><\/li>\n\t\t\t\t\t\t\t\t\t\t\t<li><a href=\"#\" data-goto=\"6\" aria-label=\"Display slide 7\"><\/a><\/li>\n\t\t\t\t\t\t\t\t\t\t\t<li><a href=\"#\" data-goto=\"7\" aria-label=\"Display slide 8\"><\/a><\/li>\n\t\t\t\t\t\t\t\t\t\t\t<li><a href=\"#\" data-goto=\"8\" aria-label=\"Display slide 9\"><\/a><\/li>\n\t\t\t\t\t\t\t\t\t\t\t<li><a href=\"#\" data-goto=\"9\" aria-label=\"Display slide 10\"><\/a><\/li>\n\t\t\t\t\t\t\t\t\t\t\t<li><a href=\"#\" data-goto=\"10\" aria-label=\"Display slide 11\"><\/a><\/li>\n\t\t\t\t\t\t\t\t\t\t\t<li><a href=\"#\" data-goto=\"11\" aria-label=\"Display slide 12\"><\/a><\/li>\n\t\t\t\t\t\t\t\t\t\t\t<li><a href=\"#\" data-goto=\"12\" aria-label=\"Display slide 13\"><\/a><\/li>\n\t\t\t\t\t\t\t\t\t\t\t<li><a href=\"#\" data-goto=\"13\" aria-label=\"Display slide 14\"><\/a><\/li>\n\t\t\t\t\t\t\t\t\t\t\t<li><a href=\"#\" data-goto=\"14\" aria-label=\"Display slide 15\"><\/a><\/li>\n\t\t\t\t\t\t\t\t\t\t\t<li><a href=\"#\" data-goto=\"15\" aria-label=\"Display slide 16\"><\/a><\/li>\n\t\t\t\t\t\t\t\t\t\t\t<li><a href=\"#\" data-goto=\"16\" aria-label=\"Display slide 17\"><\/a><\/li>\n\t\t\t\t\t\t\t\t\t\t\t<li><a href=\"#\" data-goto=\"17\" aria-label=\"Display slide 18\"><\/a><\/li>\n\t\t\t\t\t\t\t\t\t\t\t<li><a href=\"#\" data-goto=\"18\" aria-label=\"Display slide 19\"><\/a><\/li>\n\t\t\t\t\t\t\t\t\t<\/ol>\n\n\t\t\t\t<div class=\"sow-slide-nav sow-slide-nav-next\">\n\t\t\t\t\t<a href=\"#\" data-goto=\"next\" aria-label=\"Next slide\" data-action=\"next\">\n\t\t\t\t\t\t<em class=\"sow-sld-icon-thin-right\"><\/em>\n\t\t\t\t\t<\/a>\n\t\t\t\t<\/div>\n\n\t\t\t\t<div class=\"sow-slide-nav sow-slide-nav-prev\">\n\t\t\t\t\t<a href=\"#\" data-goto=\"previous\" aria-label=\"Previous slide\" data-action=\"prev\">\n\t\t\t\t\t\t<em class=\"sow-sld-icon-thin-left\"><\/em>\n\t\t\t\t\t<\/a>\n\t\t\t\t<\/div>\n\t\t\t\t<\/div><\/div><\/div><\/div><\/div><div id=\"pg-122-1\"  class=\"panel-grid panel-no-style\" ><div id=\"pgc-122-1-0\"  class=\"panel-grid-cell\" ><div id=\"panel-122-1-0-0\" class=\"so-panel widget widget_sow-editor panel-first-child panel-last-child\" data-index=\"1\" ><div\n\t\t\t\n\t\t\tclass=\"so-widget-sow-editor so-widget-sow-editor-base\"\n\t\t\t\n\t\t>\n<div class=\"siteorigin-widget-tinymce textwidget\">\n\t<h2>Bewegte Bilder, Videos<\/h2>\n<p>Ein paar Filme, die \u00fcber uns gedreht wurden oder die wir selbst gemacht haben sind hier direkt verlinkt. Wir haben einen<\/p>\n<p><strong><a style=\"text-align: center;\" href=\"https:\/\/www.youtube.com\/channel\/UCDO_RUR2EqseSEGqqFkVK2w\">You Tube Kanal<\/a><\/strong><span style=\"text-align: center;\">\u00a0\u00a0<\/span>auf dem wir unregelm\u00e4\u00dfig neue Filme ver\u00f6ffentlichen. Schaut doch mal vorbei.<\/p>\n<\/div>\n<\/div><\/div><\/div><\/div><div id=\"pg-122-2\"  class=\"panel-grid panel-no-style\" ><div id=\"pgc-122-2-0\"  class=\"panel-grid-cell\" ><div id=\"panel-122-2-0-0\" class=\"so-panel widget widget_black-studio-tinymce widget_black_studio_tinymce panel-first-child panel-last-child\" data-index=\"2\" ><div class=\"textwidget\"><p>Februar 2019: Delphin zu Besuch \u00a0<a href=\"https:\/\/youtu.be\/sHPVJeRn_pk\" target=\"_blank\" rel=\"noopener\">Video auf YouTube ansehen<\/a><\/p>\n<p>NDR Reportage vom T\u00f6rn 2015 \u00a0<a href=\"https:\/\/www.youtube.com\/watch?v=FW559ZxDhY0\" target=\"_blank\" rel=\"noopener\">Video auf YouTube ansehen<\/a><\/p>\n<p>T\u00f6rnvideo Einrad 2013 \u00a0\u00a0<a href=\"https:\/\/vimeo.com\/71241943\" target=\"_blank\" rel=\"noopener\">summer uni sailing turn 2013<\/a> von\u00a0<a href=\"https:\/\/vimeo.com\/user6386251\">jogi walter<\/a> auf Vimeo.<\/p>\n<p>Seenottraining mit der Tordas in der RTL Sendung Notruf 2003 \u00a0\u00a0<a href=\"https:\/\/vimeo.com\/216474776\" target=\"_blank\" rel=\"noopener\">Tordas Notruf<\/a> von\u00a0<a href=\"https:\/\/vimeo.com\/user6386251\">jogi walter<\/a> auf Vimeo.<\/p>\n<\/div><\/div><\/div><\/div><div id=\"pg-122-3\"  class=\"panel-grid panel-no-style\" ><div id=\"pgc-122-3-0\"  class=\"panel-grid-cell\" ><div id=\"panel-122-3-0-0\" class=\"so-panel widget widget_sow-image panel-first-child panel-last-child\" data-index=\"3\" ><div\n\t\t\t\n\t\t\tclass=\"so-widget-sow-image so-widget-sow-image-default-8b5b6f678277-122\"\n\t\t\t\n\t\t>\n<div class=\"sow-image-container\">\n\t\t<img \n\tsrc=\"https:\/\/www.tordas.de\/wp-content\/uploads\/2021\/12\/IMG_20210731_184433-300x225.jpg\" width=\"300\" height=\"225\" srcset=\"https:\/\/www.tordas.de\/wp-content\/uploads\/2021\/12\/IMG_20210731_184433-300x225.jpg 300w, https:\/\/www.tordas.de\/wp-content\/uploads\/2021\/12\/IMG_20210731_184433-1024x766.jpg 1024w, https:\/\/www.tordas.de\/wp-content\/uploads\/2021\/12\/IMG_20210731_184433-768x575.jpg 768w, https:\/\/www.tordas.de\/wp-content\/uploads\/2021\/12\/IMG_20210731_184433.jpg 1200w\" sizes=\"(max-width: 300px) 100vw, 300px\" title=\"Tordas-Logo auf der Mole von Horta\" alt=\"Dokumentation Reise 2021\" \t\tclass=\"so-widget-image\"\/>\n\t<\/div>\n\n<\/div><\/div><\/div><div id=\"pgc-122-3-1\"  class=\"panel-grid-cell\" ><div id=\"panel-122-3-1-0\" class=\"so-panel widget widget_sow-image panel-first-child panel-last-child\" data-index=\"4\" ><div\n\t\t\t\n\t\t\tclass=\"so-widget-sow-image so-widget-sow-image-default-8b5b6f678277-122\"\n\t\t\t\n\t\t>\n<div class=\"sow-image-container\">\n\t\t<img \n\tsrc=\"https:\/\/www.tordas.de\/wp-content\/uploads\/2014\/09\/P1020607-300x225.jpg\" width=\"300\" height=\"225\" srcset=\"https:\/\/www.tordas.de\/wp-content\/uploads\/2014\/09\/P1020607-300x225.jpg 300w, https:\/\/www.tordas.de\/wp-content\/uploads\/2014\/09\/P1020607.jpg 600w\" sizes=\"(max-width: 300px) 100vw, 300px\" alt=\"\" \t\tclass=\"so-widget-image\"\/>\n\t<\/div>\n\n<\/div><\/div><\/div><div id=\"pgc-122-3-2\"  class=\"panel-grid-cell\" ><div id=\"panel-122-3-2-0\" class=\"so-panel widget widget_sow-image panel-first-child panel-last-child\" data-index=\"5\" ><div\n\t\t\t\n\t\t\tclass=\"so-widget-sow-image so-widget-sow-image-default-8b5b6f678277-122\"\n\t\t\t\n\t\t>\n<div class=\"sow-image-container\">\n\t\t<img \n\tsrc=\"https:\/\/www.tordas.de\/wp-content\/uploads\/2023\/12\/Toern2023-Tordassegeltabendlicht-300x200.jpeg\" width=\"300\" height=\"200\" srcset=\"https:\/\/www.tordas.de\/wp-content\/uploads\/2023\/12\/Toern2023-Tordassegeltabendlicht-300x200.jpeg 300w, https:\/\/www.tordas.de\/wp-content\/uploads\/2023\/12\/Toern2023-Tordassegeltabendlicht-1024x683.jpeg 1024w, https:\/\/www.tordas.de\/wp-content\/uploads\/2023\/12\/Toern2023-Tordassegeltabendlicht-768x512.jpeg 768w, https:\/\/www.tordas.de\/wp-content\/uploads\/2023\/12\/Toern2023-Tordassegeltabendlicht-272x182.jpeg 272w, https:\/\/www.tordas.de\/wp-content\/uploads\/2023\/12\/Toern2023-Tordassegeltabendlicht.jpeg 1200w\" sizes=\"(max-width: 300px) 100vw, 300px\" title=\"Maja geht Wache\" alt=\"\" \t\tclass=\"so-widget-image\"\/>\n\t<\/div>\n\n<\/div><\/div><\/div><\/div><\/div>","protected":false},"excerpt":{"rendered":"<p>Bewegte Bilder, Videos Ein paar Filme, die \u00fcber uns gedreht wurden oder die wir selbst gemacht haben sind hier direkt verlinkt. Wir haben einen You Tube Kanal\u00a0\u00a0auf dem wir unregelm\u00e4\u00dfig neue Filme ver\u00f6ffentlichen. Schaut doch mal vorbei.<\/p>\n","protected":false},"author":3,"featured_media":0,"parent":0,"menu_order":0,"comment_status":"open","ping_status":"open","template":"","meta":{"footnotes":""},"class_list":["post-122","page","type-page","status-publish","hentry"],"aioseo_notices":[],"_links":{"self":[{"href":"https:\/\/www.tordas.de\/index.php?rest_route=\/wp\/v2\/pages\/122","targetHints":{"allow":["GET"]}}],"collection":[{"href":"https:\/\/www.tordas.de\/index.php?rest_route=\/wp\/v2\/pages"}],"about":[{"href":"https:\/\/www.tordas.de\/index.php?rest_route=\/wp\/v2\/types\/page"}],"author":[{"embeddable":true,"href":"https:\/\/www.tordas.de\/index.php?rest_route=\/wp\/v2\/users\/3"}],"replies":[{"embeddable":true,"href":"https:\/\/www.tordas.de\/index.php?rest_route=%2Fwp%2Fv2%2Fcomments&post=122"}],"version-history":[{"count":187,"href":"https:\/\/www.tordas.de\/index.php?rest_route=\/wp\/v2\/pages\/122\/revisions"}],"predecessor-version":[{"id":2127,"href":"https:\/\/www.tordas.de\/index.php?rest_route=\/wp\/v2\/pages\/122\/revisions\/2127"}],"wp:attachment":[{"href":"https:\/\/www.tordas.de\/index.php?rest_route=%2Fwp%2Fv2%2Fmedia&parent=122"}],"curies":[{"name":"wp","href":"https:\/\/api.w.org\/{rel}","templated":true}]}}